{"id":84,"date":"2018-09-11T20:33:54","date_gmt":"2018-09-11T20:33:54","guid":{"rendered":"http:\/\/nhd.tobaccomerchant.webapp.bc.kps3dev.com\/?page_id=84"},"modified":"2019-02-14T22:07:50","modified_gmt":"2019-02-14T22:07:50","slug":"how-to-tell-an-id-is-fake","status":"publish","type":"page","link":"https:\/\/responsibletobacconv.com\/es\/unidades-de-aprendizaje\/how-to-tell-an-id-is-fake\/","title":{"rendered":"C\u00f3mo saber si un ID es falsa"},"content":{"rendered":"<p id=\"tw-target-text\" class=\"tw-data-text tw-ta tw-text-medium\" data-placeholder=\"Translation\"><span lang=\"es\" tabindex=\"0\">Informaci\u00f3n aqu\u00ed<\/span><\/p>\n<p><img loading=\"lazy\" decoding=\"async\" class=\"alignnone size-medium wp-image-78\" src=\"https:\/\/responsibletobacconv.com\/wp-content\/uploads\/2018\/09\/test-bg-300x94.jpg\" alt=\"\" width=\"300\" height=\"94\" srcset=\"https:\/\/responsibletobacconv.com\/es\/wp-content\/uploads\/sites\/3\/2018\/09\/test-bg-300x94.jpg 300w, https:\/\/responsibletobacconv.com\/es\/wp-content\/uploads\/sites\/3\/2018\/09\/test-bg-768x241.jpg 768w, https:\/\/responsibletobacconv.com\/es\/wp-content\/uploads\/sites\/3\/2018\/09\/test-bg-1024x321.jpg 1024w, https:\/\/responsibletobacconv.com\/es\/wp-content\/uploads\/sites\/3\/2018\/09\/test-bg-1440x450.jpg 1440w\" sizes=\"auto, (max-width: 300px) 100vw, 300px\" \/><\/p>\n","protected":false},"excerpt":{"rendered":"<p>Informaci\u00f3n aqu\u00ed<\/p>\n","protected":false},"author":1,"featured_media":78,"parent":40,"menu_order":0,"comment_status":"closed","ping_status":"closed","template":"","meta":{"_trash_the_other_posts":false,"editor_notices":[],"footnotes":""},"class_list":["post-84","page","type-page","status-publish","has-post-thumbnail","hentry"],"yoast_head":"<!-- This site is optimized with the Yoast SEO plugin v27.2 - https:\/\/yoast.com\/product\/yoast-seo-wordpress\/ -->\n<title>C\u00f3mo saber si un ID es falsa - Tobacco Merchant Training Platform<\/title>\n<meta name=\"robots\" content=\"index, follow, max-snippet:-1, max-image-preview:large, max-video-preview:-1\" \/>\n<link rel=\"canonical\" href=\"https:\/\/responsibletobacconv.com\/es\/unidades-de-aprendizaje\/how-to-tell-an-id-is-fake\/\" \/>\n<meta property=\"og:locale\" content=\"es_ES\" \/>\n<meta property=\"og:type\" content=\"article\" \/>\n<meta property=\"og:title\" content=\"C\u00f3mo saber si un ID es falsa - Tobacco Merchant Training Platform\" \/>\n<meta property=\"og:description\" content=\"Informaci\u00f3n aqu\u00ed\" \/>\n<meta property=\"og:url\" content=\"https:\/\/responsibletobacconv.com\/es\/unidades-de-aprendizaje\/how-to-tell-an-id-is-fake\/\" \/>\n<meta property=\"og:site_name\" content=\"Tobacco Merchant Training Platform\" \/>\n<meta property=\"article:modified_time\" content=\"2019-02-14T22:07:50+00:00\" \/>\n<meta property=\"og:image\" content=\"https:\/\/responsibletobacconv.com\/es\/wp-content\/uploads\/sites\/3\/2018\/09\/test-bg.jpg\" \/>\n\t<meta property=\"og:image:width\" content=\"2160\" \/>\n\t<meta property=\"og:image:height\" content=\"677\" \/>\n\t<meta property=\"og:image:type\" content=\"image\/jpeg\" \/>\n<meta name=\"twitter:card\" content=\"summary_large_image\" \/>\n<script type=\"application\/ld+json\" class=\"yoast-schema-graph\">{\"@context\":\"https:\/\/schema.org\",\"@graph\":[{\"@type\":\"WebPage\",\"@id\":\"https:\/\/responsibletobacconv.com\/es\/unidades-de-aprendizaje\/how-to-tell-an-id-is-fake\/\",\"url\":\"https:\/\/responsibletobacconv.com\/es\/unidades-de-aprendizaje\/how-to-tell-an-id-is-fake\/\",\"name\":\"C\u00f3mo saber si un ID es falsa - Tobacco Merchant Training Platform\",\"isPartOf\":{\"@id\":\"https:\/\/responsibletobacconv.com\/es\/#website\"},\"primaryImageOfPage\":{\"@id\":\"https:\/\/responsibletobacconv.com\/es\/unidades-de-aprendizaje\/how-to-tell-an-id-is-fake\/#primaryimage\"},\"image\":{\"@id\":\"https:\/\/responsibletobacconv.com\/es\/unidades-de-aprendizaje\/how-to-tell-an-id-is-fake\/#primaryimage\"},\"thumbnailUrl\":\"https:\/\/responsibletobacconv.com\/es\/wp-content\/uploads\/sites\/3\/2018\/09\/test-bg.jpg\",\"datePublished\":\"2018-09-11T20:33:54+00:00\",\"dateModified\":\"2019-02-14T22:07:50+00:00\",\"breadcrumb\":{\"@id\":\"https:\/\/responsibletobacconv.com\/es\/unidades-de-aprendizaje\/how-to-tell-an-id-is-fake\/#breadcrumb\"},\"inLanguage\":\"es\",\"potentialAction\":[{\"@type\":\"ReadAction\",\"target\":[\"https:\/\/responsibletobacconv.com\/es\/unidades-de-aprendizaje\/how-to-tell-an-id-is-fake\/\"]}]},{\"@type\":\"ImageObject\",\"inLanguage\":\"es\",\"@id\":\"https:\/\/responsibletobacconv.com\/es\/unidades-de-aprendizaje\/how-to-tell-an-id-is-fake\/#primaryimage\",\"url\":\"https:\/\/responsibletobacconv.com\/es\/wp-content\/uploads\/sites\/3\/2018\/09\/test-bg.jpg\",\"contentUrl\":\"https:\/\/responsibletobacconv.com\/es\/wp-content\/uploads\/sites\/3\/2018\/09\/test-bg.jpg\",\"width\":2160,\"height\":677},{\"@type\":\"BreadcrumbList\",\"@id\":\"https:\/\/responsibletobacconv.com\/es\/unidades-de-aprendizaje\/how-to-tell-an-id-is-fake\/#breadcrumb\",\"itemListElement\":[{\"@type\":\"ListItem\",\"position\":1,\"name\":\"Home\",\"item\":\"https:\/\/responsibletobacconv.com\/es\/\"},{\"@type\":\"ListItem\",\"position\":2,\"name\":\"Unidades de aprendizaje\",\"item\":\"https:\/\/responsibletobacconv.com\/es\/unidades-de-aprendizaje\/\"},{\"@type\":\"ListItem\",\"position\":3,\"name\":\"C\u00f3mo saber si un ID es falsa\"}]},{\"@type\":\"WebSite\",\"@id\":\"https:\/\/responsibletobacconv.com\/es\/#website\",\"url\":\"https:\/\/responsibletobacconv.com\/es\/\",\"name\":\"Tobacco Merchant Training Platform\",\"description\":\"\",\"potentialAction\":[{\"@type\":\"SearchAction\",\"target\":{\"@type\":\"EntryPoint\",\"urlTemplate\":\"https:\/\/responsibletobacconv.com\/es\/?s={search_term_string}\"},\"query-input\":{\"@type\":\"PropertyValueSpecification\",\"valueRequired\":true,\"valueName\":\"search_term_string\"}}],\"inLanguage\":\"es\"}]}<\/script>\n<!-- \/ Yoast SEO plugin. -->","yoast_head_json":{"title":"C\u00f3mo saber si un ID es falsa - Tobacco Merchant Training Platform","robots":{"index":"index","follow":"follow","max-snippet":"max-snippet:-1","max-image-preview":"max-image-preview:large","max-video-preview":"max-video-preview:-1"},"canonical":"https:\/\/responsibletobacconv.com\/es\/unidades-de-aprendizaje\/how-to-tell-an-id-is-fake\/","og_locale":"es_ES","og_type":"article","og_title":"C\u00f3mo saber si un ID es falsa - Tobacco Merchant Training Platform","og_description":"Informaci\u00f3n aqu\u00ed","og_url":"https:\/\/responsibletobacconv.com\/es\/unidades-de-aprendizaje\/how-to-tell-an-id-is-fake\/","og_site_name":"Tobacco Merchant Training Platform","article_modified_time":"2019-02-14T22:07:50+00:00","og_image":[{"width":2160,"height":677,"url":"https:\/\/responsibletobacconv.com\/es\/wp-content\/uploads\/sites\/3\/2018\/09\/test-bg.jpg","type":"image\/jpeg"}],"twitter_card":"summary_large_image","schema":{"@context":"https:\/\/schema.org","@graph":[{"@type":"WebPage","@id":"https:\/\/responsibletobacconv.com\/es\/unidades-de-aprendizaje\/how-to-tell-an-id-is-fake\/","url":"https:\/\/responsibletobacconv.com\/es\/unidades-de-aprendizaje\/how-to-tell-an-id-is-fake\/","name":"C\u00f3mo saber si un ID es falsa - Tobacco Merchant Training Platform","isPartOf":{"@id":"https:\/\/responsibletobacconv.com\/es\/#website"},"primaryImageOfPage":{"@id":"https:\/\/responsibletobacconv.com\/es\/unidades-de-aprendizaje\/how-to-tell-an-id-is-fake\/#primaryimage"},"image":{"@id":"https:\/\/responsibletobacconv.com\/es\/unidades-de-aprendizaje\/how-to-tell-an-id-is-fake\/#primaryimage"},"thumbnailUrl":"https:\/\/responsibletobacconv.com\/es\/wp-content\/uploads\/sites\/3\/2018\/09\/test-bg.jpg","datePublished":"2018-09-11T20:33:54+00:00","dateModified":"2019-02-14T22:07:50+00:00","breadcrumb":{"@id":"https:\/\/responsibletobacconv.com\/es\/unidades-de-aprendizaje\/how-to-tell-an-id-is-fake\/#breadcrumb"},"inLanguage":"es","potentialAction":[{"@type":"ReadAction","target":["https:\/\/responsibletobacconv.com\/es\/unidades-de-aprendizaje\/how-to-tell-an-id-is-fake\/"]}]},{"@type":"ImageObject","inLanguage":"es","@id":"https:\/\/responsibletobacconv.com\/es\/unidades-de-aprendizaje\/how-to-tell-an-id-is-fake\/#primaryimage","url":"https:\/\/responsibletobacconv.com\/es\/wp-content\/uploads\/sites\/3\/2018\/09\/test-bg.jpg","contentUrl":"https:\/\/responsibletobacconv.com\/es\/wp-content\/uploads\/sites\/3\/2018\/09\/test-bg.jpg","width":2160,"height":677},{"@type":"BreadcrumbList","@id":"https:\/\/responsibletobacconv.com\/es\/unidades-de-aprendizaje\/how-to-tell-an-id-is-fake\/#breadcrumb","itemListElement":[{"@type":"ListItem","position":1,"name":"Home","item":"https:\/\/responsibletobacconv.com\/es\/"},{"@type":"ListItem","position":2,"name":"Unidades de aprendizaje","item":"https:\/\/responsibletobacconv.com\/es\/unidades-de-aprendizaje\/"},{"@type":"ListItem","position":3,"name":"C\u00f3mo saber si un ID es falsa"}]},{"@type":"WebSite","@id":"https:\/\/responsibletobacconv.com\/es\/#website","url":"https:\/\/responsibletobacconv.com\/es\/","name":"Tobacco Merchant Training Platform","description":"","potentialAction":[{"@type":"SearchAction","target":{"@type":"EntryPoint","urlTemplate":"https:\/\/responsibletobacconv.com\/es\/?s={search_term_string}"},"query-input":{"@type":"PropertyValueSpecification","valueRequired":true,"valueName":"search_term_string"}}],"inLanguage":"es"}]}},"_links":{"self":[{"href":"https:\/\/responsibletobacconv.com\/es\/wp-json\/wp\/v2\/pages\/84","targetHints":{"allow":["GET"]}}],"collection":[{"href":"https:\/\/responsibletobacconv.com\/es\/wp-json\/wp\/v2\/pages"}],"about":[{"href":"https:\/\/responsibletobacconv.com\/es\/wp-json\/wp\/v2\/types\/page"}],"author":[{"embeddable":true,"href":"https:\/\/responsibletobacconv.com\/es\/wp-json\/wp\/v2\/users\/1"}],"replies":[{"embeddable":true,"href":"https:\/\/responsibletobacconv.com\/es\/wp-json\/wp\/v2\/comments?post=84"}],"version-history":[{"count":3,"href":"https:\/\/responsibletobacconv.com\/es\/wp-json\/wp\/v2\/pages\/84\/revisions"}],"predecessor-version":[{"id":220,"href":"https:\/\/responsibletobacconv.com\/es\/wp-json\/wp\/v2\/pages\/84\/revisions\/220"}],"up":[{"embeddable":true,"href":"https:\/\/responsibletobacconv.com\/es\/wp-json\/wp\/v2\/pages\/40"}],"wp:featuredmedia":[{"embeddable":true,"href":"https:\/\/responsibletobacconv.com\/es\/wp-json\/wp\/v2\/media\/78"}],"wp:attachment":[{"href":"https:\/\/responsibletobacconv.com\/es\/wp-json\/wp\/v2\/media?parent=84"}],"curies":[{"name":"wp","href":"https:\/\/api.w.org\/{rel}","templated":true}]}}