{"id":61,"date":"2018-09-11T18:54:29","date_gmt":"2018-09-11T18:54:29","guid":{"rendered":"http:\/\/nhd.tobaccomerchant.webapp.bc.kps3dev.com\/?page_id=61"},"modified":"2021-12-09T20:24:12","modified_gmt":"2021-12-09T20:24:12","slug":"nevada-tobacco-laws","status":"publish","type":"page","link":"https:\/\/responsibletobacconv.com\/es\/unidades-de-aprendizaje\/nevada-tobacco-laws\/","title":{"rendered":"Leyes estatales y federales de tabaco"},"content":{"rendered":"<p>Las siguientes son leyes federales con respecto a la venta de productos de tabaco.<\/p>\n<p><a href=\"https:\/\/www.fda.gov\/AboutFDA\/EnEspanol\/default.htm\">Ley federal de Alimentos, Drogas y Cosm\u00e9ticos<\/a> (FD&amp;C ACT), <a href=\"https:\/\/esp.fda.gov\/tobaccoproducts\/guidancecomplianceregulatoryinformation\/ucm252758.htm\">Regulaciones que Restringen la Venta y Distribuci\u00f3n de Cigarrillos y Tabaco Sin Humo y Productos de Tabaco que Detienen<\/a> para ser <a href=\"https:\/\/esp.fda.gov\/TobaccoProducts\/Labeling\/RulesRegulationsGuidance\/ucm394909.htm\">Sujetos a la Ley Federal de Alimentos, Drogas y Cosm\u00e9ticos<\/a>.<\/p>\n<ul>\n<li>Verificar ID con foto de todos los menores de 27 a\u00f1os de edad que intenta comprar cigarrillos, cigarros, tabaco para enrollar su propio tabaco, tabaco sin humo, puros, hookah, tabaco de pipa y cigarrillos electr\u00f3nicos.<\/li>\n<li>Solamente venda los cigarrillos, cigarros, tabaco para enrollar su propio tabaco, tabaco sin humo, puros, hookah, tabaco de pipa y cigarrillos electr\u00f3nicos a los clientes de 18 a\u00f1os de edad o m\u00e1s.<\/li>\n<li>No venda cigarrillos, cigarros, tabaco para enrollar su propio tabaco, tabaco sin humo, puros, hookah, tabaco de pipa y cigarrillos electr\u00f3nicos en una m\u00e1quina expendedora de autoservicio o a menos que sea en una instalaci\u00f3n \u00fanicamente de adulto.<\/li>\n<li>NO regalar muestras gratis de cigarrillos, cigarros, tabaco para enrollar su propio tabaco, tabaco sin humo, puros, hookah, tabaco de pipa y cigarrillos electr\u00f3nicos a los consumidores, incluyendo cualquiera de sus componentes o partes.<\/li>\n<li>NO venda cigarrillos, cigarros, tabaco para enrollar su propio tabaco que contengan un sabor caracter\u00edstico (excepto el mentol o el sabor del tabaco).<\/li>\n<li>No venda paquetes de cigarrillos que contengan menos de 20 cigarrillos, incluyendo cigarrillos individuales, conocidos como \u00abLoosies\u00bb.<\/li>\n<li>NO abra los paquetes de cigarrillos, tabaco del cigarrillo, o tabaco para enrollar su propio tabaco para vender productos en cantidades m\u00e1s peque\u00f1as.<\/li>\n<li>NO regalar muestras gratis de cigarrillos electr\u00f3nicos u otros sistemas de entrega de nicotina electr\u00f3nica (ENDS) a consumidores, incluso ninguno de sus componentes o partes.<\/li>\n<li>No regalar muestras gratis de hookah o tabaco de pipa a los consumidores, incluyendo cualquiera de sus componentes o piezas.<\/li>\n<\/ul>\n<p>Ver <a href=\"http:\/\/www.wecard.org\/sites\/default\/files\/FederalLawSummary-05-06-15.pdf\" target=\"_blank\" rel=\"noopener noreferrer\">wecard.org<\/a> para m\u00e1s informaci\u00f3n en ingl\u00e9s.<\/p>\n<p>&nbsp;<\/p>\n","protected":false},"excerpt":{"rendered":"<p>Las siguientes son leyes federales con respecto a la venta de productos de tabaco. Ley federal de Alimentos, Drogas y Cosm\u00e9ticos (FD&amp;C ACT), Regulaciones que Restringen la Venta y Distribuci\u00f3n de Cigarrillos y Tabaco Sin Humo y Productos de Tabaco que Detienen para ser Sujetos a la Ley Federal de Alimentos, Drogas y Cosm\u00e9ticos. Verificar [&hellip;]<\/p>\n","protected":false},"author":1,"featured_media":0,"parent":40,"menu_order":0,"comment_status":"closed","ping_status":"closed","template":"","meta":{"_trash_the_other_posts":false,"editor_notices":[],"footnotes":""},"class_list":["post-61","page","type-page","status-publish","hentry"],"yoast_head":"<!-- This site is optimized with the Yoast SEO plugin v27.2 - https:\/\/yoast.com\/product\/yoast-seo-wordpress\/ -->\n<title>Leyes estatales y federales de tabaco - Tobacco Merchant Training Platform<\/title>\n<meta name=\"robots\" content=\"index, follow, max-snippet:-1, max-image-preview:large, max-video-preview:-1\" \/>\n<link rel=\"canonical\" href=\"https:\/\/responsibletobacconv.com\/es\/unidades-de-aprendizaje\/nevada-tobacco-laws\/\" \/>\n<meta property=\"og:locale\" content=\"es_ES\" \/>\n<meta property=\"og:type\" content=\"article\" \/>\n<meta property=\"og:title\" content=\"Leyes estatales y federales de tabaco - Tobacco Merchant Training Platform\" \/>\n<meta property=\"og:description\" content=\"Las siguientes son leyes federales con respecto a la venta de productos de tabaco. Ley federal de Alimentos, Drogas y Cosm\u00e9ticos (FD&amp;C ACT), Regulaciones que Restringen la Venta y Distribuci\u00f3n de Cigarrillos y Tabaco Sin Humo y Productos de Tabaco que Detienen para ser Sujetos a la Ley Federal de Alimentos, Drogas y Cosm\u00e9ticos. Verificar [&hellip;]\" \/>\n<meta property=\"og:url\" content=\"https:\/\/responsibletobacconv.com\/es\/unidades-de-aprendizaje\/nevada-tobacco-laws\/\" \/>\n<meta property=\"og:site_name\" content=\"Tobacco Merchant Training Platform\" \/>\n<meta property=\"article:modified_time\" content=\"2021-12-09T20:24:12+00:00\" \/>\n<meta name=\"twitter:card\" content=\"summary_large_image\" \/>\n<meta name=\"twitter:label1\" content=\"Tiempo de lectura\" \/>\n\t<meta name=\"twitter:data1\" content=\"2 minutos\" \/>\n<script type=\"application\/ld+json\" class=\"yoast-schema-graph\">{\"@context\":\"https:\/\/schema.org\",\"@graph\":[{\"@type\":\"WebPage\",\"@id\":\"https:\/\/responsibletobacconv.com\/es\/unidades-de-aprendizaje\/nevada-tobacco-laws\/\",\"url\":\"https:\/\/responsibletobacconv.com\/es\/unidades-de-aprendizaje\/nevada-tobacco-laws\/\",\"name\":\"Leyes estatales y federales de tabaco - Tobacco Merchant Training Platform\",\"isPartOf\":{\"@id\":\"https:\/\/responsibletobacconv.com\/es\/#website\"},\"datePublished\":\"2018-09-11T18:54:29+00:00\",\"dateModified\":\"2021-12-09T20:24:12+00:00\",\"breadcrumb\":{\"@id\":\"https:\/\/responsibletobacconv.com\/es\/unidades-de-aprendizaje\/nevada-tobacco-laws\/#breadcrumb\"},\"inLanguage\":\"es\",\"potentialAction\":[{\"@type\":\"ReadAction\",\"target\":[\"https:\/\/responsibletobacconv.com\/es\/unidades-de-aprendizaje\/nevada-tobacco-laws\/\"]}]},{\"@type\":\"BreadcrumbList\",\"@id\":\"https:\/\/responsibletobacconv.com\/es\/unidades-de-aprendizaje\/nevada-tobacco-laws\/#breadcrumb\",\"itemListElement\":[{\"@type\":\"ListItem\",\"position\":1,\"name\":\"Home\",\"item\":\"https:\/\/responsibletobacconv.com\/es\/\"},{\"@type\":\"ListItem\",\"position\":2,\"name\":\"Unidades de aprendizaje\",\"item\":\"https:\/\/responsibletobacconv.com\/es\/unidades-de-aprendizaje\/\"},{\"@type\":\"ListItem\",\"position\":3,\"name\":\"Leyes estatales y federales de tabaco\"}]},{\"@type\":\"WebSite\",\"@id\":\"https:\/\/responsibletobacconv.com\/es\/#website\",\"url\":\"https:\/\/responsibletobacconv.com\/es\/\",\"name\":\"Tobacco Merchant Training Platform\",\"description\":\"\",\"potentialAction\":[{\"@type\":\"SearchAction\",\"target\":{\"@type\":\"EntryPoint\",\"urlTemplate\":\"https:\/\/responsibletobacconv.com\/es\/?s={search_term_string}\"},\"query-input\":{\"@type\":\"PropertyValueSpecification\",\"valueRequired\":true,\"valueName\":\"search_term_string\"}}],\"inLanguage\":\"es\"}]}<\/script>\n<!-- \/ Yoast SEO plugin. -->","yoast_head_json":{"title":"Leyes estatales y federales de tabaco - Tobacco Merchant Training Platform","robots":{"index":"index","follow":"follow","max-snippet":"max-snippet:-1","max-image-preview":"max-image-preview:large","max-video-preview":"max-video-preview:-1"},"canonical":"https:\/\/responsibletobacconv.com\/es\/unidades-de-aprendizaje\/nevada-tobacco-laws\/","og_locale":"es_ES","og_type":"article","og_title":"Leyes estatales y federales de tabaco - Tobacco Merchant Training Platform","og_description":"Las siguientes son leyes federales con respecto a la venta de productos de tabaco. Ley federal de Alimentos, Drogas y Cosm\u00e9ticos (FD&amp;C ACT), Regulaciones que Restringen la Venta y Distribuci\u00f3n de Cigarrillos y Tabaco Sin Humo y Productos de Tabaco que Detienen para ser Sujetos a la Ley Federal de Alimentos, Drogas y Cosm\u00e9ticos. Verificar [&hellip;]","og_url":"https:\/\/responsibletobacconv.com\/es\/unidades-de-aprendizaje\/nevada-tobacco-laws\/","og_site_name":"Tobacco Merchant Training Platform","article_modified_time":"2021-12-09T20:24:12+00:00","twitter_card":"summary_large_image","twitter_misc":{"Tiempo de lectura":"2 minutos"},"schema":{"@context":"https:\/\/schema.org","@graph":[{"@type":"WebPage","@id":"https:\/\/responsibletobacconv.com\/es\/unidades-de-aprendizaje\/nevada-tobacco-laws\/","url":"https:\/\/responsibletobacconv.com\/es\/unidades-de-aprendizaje\/nevada-tobacco-laws\/","name":"Leyes estatales y federales de tabaco - Tobacco Merchant Training Platform","isPartOf":{"@id":"https:\/\/responsibletobacconv.com\/es\/#website"},"datePublished":"2018-09-11T18:54:29+00:00","dateModified":"2021-12-09T20:24:12+00:00","breadcrumb":{"@id":"https:\/\/responsibletobacconv.com\/es\/unidades-de-aprendizaje\/nevada-tobacco-laws\/#breadcrumb"},"inLanguage":"es","potentialAction":[{"@type":"ReadAction","target":["https:\/\/responsibletobacconv.com\/es\/unidades-de-aprendizaje\/nevada-tobacco-laws\/"]}]},{"@type":"BreadcrumbList","@id":"https:\/\/responsibletobacconv.com\/es\/unidades-de-aprendizaje\/nevada-tobacco-laws\/#breadcrumb","itemListElement":[{"@type":"ListItem","position":1,"name":"Home","item":"https:\/\/responsibletobacconv.com\/es\/"},{"@type":"ListItem","position":2,"name":"Unidades de aprendizaje","item":"https:\/\/responsibletobacconv.com\/es\/unidades-de-aprendizaje\/"},{"@type":"ListItem","position":3,"name":"Leyes estatales y federales de tabaco"}]},{"@type":"WebSite","@id":"https:\/\/responsibletobacconv.com\/es\/#website","url":"https:\/\/responsibletobacconv.com\/es\/","name":"Tobacco Merchant Training Platform","description":"","potentialAction":[{"@type":"SearchAction","target":{"@type":"EntryPoint","urlTemplate":"https:\/\/responsibletobacconv.com\/es\/?s={search_term_string}"},"query-input":{"@type":"PropertyValueSpecification","valueRequired":true,"valueName":"search_term_string"}}],"inLanguage":"es"}]}},"_links":{"self":[{"href":"https:\/\/responsibletobacconv.com\/es\/wp-json\/wp\/v2\/pages\/61","targetHints":{"allow":["GET"]}}],"collection":[{"href":"https:\/\/responsibletobacconv.com\/es\/wp-json\/wp\/v2\/pages"}],"about":[{"href":"https:\/\/responsibletobacconv.com\/es\/wp-json\/wp\/v2\/types\/page"}],"author":[{"embeddable":true,"href":"https:\/\/responsibletobacconv.com\/es\/wp-json\/wp\/v2\/users\/1"}],"replies":[{"embeddable":true,"href":"https:\/\/responsibletobacconv.com\/es\/wp-json\/wp\/v2\/comments?post=61"}],"version-history":[{"count":14,"href":"https:\/\/responsibletobacconv.com\/es\/wp-json\/wp\/v2\/pages\/61\/revisions"}],"predecessor-version":[{"id":253,"href":"https:\/\/responsibletobacconv.com\/es\/wp-json\/wp\/v2\/pages\/61\/revisions\/253"}],"up":[{"embeddable":true,"href":"https:\/\/responsibletobacconv.com\/es\/wp-json\/wp\/v2\/pages\/40"}],"wp:attachment":[{"href":"https:\/\/responsibletobacconv.com\/es\/wp-json\/wp\/v2\/media?parent=61"}],"curies":[{"name":"wp","href":"https:\/\/api.w.org\/{rel}","templated":true}]}}