{"id":53,"date":"2018-09-11T18:44:03","date_gmt":"2018-09-11T18:44:03","guid":{"rendered":"http:\/\/nhd.tobaccomerchant.webapp.bc.kps3dev.com\/?page_id=53"},"modified":"2021-12-08T04:33:32","modified_gmt":"2021-12-08T04:33:32","slug":"merchant-information","status":"publish","type":"page","link":"https:\/\/responsibletobacconv.com\/es\/merchant-information\/","title":{"rendered":"Informaci\u00f3n-comerciantes"},"content":{"rendered":"<p>Este sitio fue dise\u00f1ado como un recurso para ayudar a los comerciantes asegurar la formaci\u00f3n adecuada de los miembros del personal en lo que respecta a la venta de productos de tabaco. Este entrenamiento en l\u00ednea proporciona una visi\u00f3n general de las leyes federales y estatales, productos de tabaco, c\u00f3mo comprobar correctamente los ID, y lidiar con las interacciones de los clientes desafiantes. Al final, habr\u00e1 un breve cuestionario que probar\u00e1 el conocimiento de estos temas. Una vez completado, el empleado o propietario recibir\u00e1 un certificado de finalizaci\u00f3n. Este sitio tambi\u00e9n est\u00e1 destinado a ser un recurso para volver cada vez que un empleado no est\u00e1 claro acerca de cualquier cosa relacionada con la venta de productos de tabaco.<\/p>\n<p id=\"tw-target-text\" class=\"tw-data-text tw-text-large XcVN5d tw-ta\" dir=\"ltr\" data-placeholder=\"Translation\"><span class=\"Y2IQFc\" lang=\"es\">Tambi\u00e9n tenemos recursos adicionales que puede descargar para asegurarse de tener la informaci\u00f3n m\u00e1s actualizada y precisa sobre las leyes y regulaciones para la venta de productos de tabaco:<\/span><\/p>\n<ul>\n<li dir=\"ltr\" data-placeholder=\"Translation\"><span style=\"font-weight: 400;\">Haga clic <a href=\"https:\/\/responsibletobacconv.com\/es\/wp-content\/uploads\/sites\/3\/2021\/06\/Fact-Sheet-Spanish_FINAL.pdf\">aqu\u00ed<\/a> para acceder la hoja informativa.<\/span><\/li>\n<li dir=\"ltr\" data-placeholder=\"Translation\"><span style=\"font-weight: 400;\">Haga clic <a href=\"https:\/\/responsibletobacconv.com\/es\/wp-content\/uploads\/sites\/3\/2021\/06\/Tool-Kit-Spanish_FINAL.pdf\">aqu\u00ed<\/a> para acceder la Tool Kit.<\/span><\/li>\n<\/ul>\n<p>Adem\u00e1s, como minorista de productos de tabaco, es importante tener se\u00f1alizaci\u00f3n adecuada en todo su establecimiento. La se\u00f1alizaci\u00f3n apropiada recordar\u00e1 al consumidor y a los empleados que compruebe la identificaci\u00f3n de todos aquellos que buscan comprar productos de tabaco. Puede obtener materiales gratuitos de la campa\u00f1a de la Administraci\u00f3n de Drogas y Alimentos;\u00bb<a href=\"https:\/\/digitalmedia.hhs.gov\/tobacco\" target=\"_blank\" rel=\"noopener noreferrer\">This is Our Watch<\/a> \u00ab. \u00abEste es Nuestro Reloj\u00bb (disponible en ingl\u00e9s). El sitio web le conectar\u00e1 con los \u00faltimos recursos disponibles. Si usted tiene preguntas o necesita ayuda, haga clic aqu\u00ed para ponerse en contacto con nosotros.<\/p>\n<p id=\"tw-target-text\" class=\"tw-data-text tw-text-large XcVN5d tw-ta\" dir=\"ltr\" data-placeholder=\"Translation\"><span class=\"Y2IQFc\" lang=\"es\">Si tiene preguntas o necesita ayuda, haga <a href=\"https:\/\/responsibletobacconv.com\/es\/contact\/\">clic aqu\u00ed<\/a> para contactarnos.<\/span><\/p>\n<p>&nbsp;<\/p>\n","protected":false},"excerpt":{"rendered":"<p>Este sitio fue dise\u00f1ado como un recurso para ayudar a los comerciantes asegurar la formaci\u00f3n adecuada de los miembros del personal en lo que respecta a la venta de productos de tabaco. Este entrenamiento en l\u00ednea proporciona una visi\u00f3n general de las leyes federales y estatales, productos de tabaco, c\u00f3mo comprobar correctamente los ID, y [&hellip;]<\/p>\n","protected":false},"author":1,"featured_media":0,"parent":0,"menu_order":0,"comment_status":"closed","ping_status":"closed","template":"","meta":{"_trash_the_other_posts":false,"editor_notices":[],"footnotes":""},"class_list":["post-53","page","type-page","status-publish","hentry"],"yoast_head":"<!-- This site is optimized with the Yoast SEO plugin v27.4 - https:\/\/yoast.com\/product\/yoast-seo-wordpress\/ -->\n<title>Informaci\u00f3n-comerciantes - Tobacco Merchant Training Platform<\/title>\n<meta name=\"robots\" content=\"index, follow, max-snippet:-1, max-image-preview:large, max-video-preview:-1\" \/>\n<link rel=\"canonical\" href=\"https:\/\/responsibletobacconv.com\/es\/merchant-information\/\" \/>\n<meta property=\"og:locale\" content=\"es_ES\" \/>\n<meta property=\"og:type\" content=\"article\" \/>\n<meta property=\"og:title\" content=\"Informaci\u00f3n-comerciantes - Tobacco Merchant Training Platform\" \/>\n<meta property=\"og:description\" content=\"Este sitio fue dise\u00f1ado como un recurso para ayudar a los comerciantes asegurar la formaci\u00f3n adecuada de los miembros del personal en lo que respecta a la venta de productos de tabaco. Este entrenamiento en l\u00ednea proporciona una visi\u00f3n general de las leyes federales y estatales, productos de tabaco, c\u00f3mo comprobar correctamente los ID, y [&hellip;]\" \/>\n<meta property=\"og:url\" content=\"https:\/\/responsibletobacconv.com\/es\/merchant-information\/\" \/>\n<meta property=\"og:site_name\" content=\"Tobacco Merchant Training Platform\" \/>\n<meta property=\"article:modified_time\" content=\"2021-12-08T04:33:32+00:00\" \/>\n<meta name=\"twitter:card\" content=\"summary_large_image\" \/>\n<meta name=\"twitter:label1\" content=\"Tiempo de lectura\" \/>\n\t<meta name=\"twitter:data1\" content=\"1 minuto\" \/>\n<script type=\"application\/ld+json\" class=\"yoast-schema-graph\">{\"@context\":\"https:\\\/\\\/schema.org\",\"@graph\":[{\"@type\":\"WebPage\",\"@id\":\"https:\\\/\\\/responsibletobacconv.com\\\/es\\\/merchant-information\\\/\",\"url\":\"https:\\\/\\\/responsibletobacconv.com\\\/es\\\/merchant-information\\\/\",\"name\":\"Informaci\u00f3n-comerciantes - Tobacco Merchant Training Platform\",\"isPartOf\":{\"@id\":\"https:\\\/\\\/responsibletobacconv.com\\\/es\\\/#website\"},\"datePublished\":\"2018-09-11T18:44:03+00:00\",\"dateModified\":\"2021-12-08T04:33:32+00:00\",\"breadcrumb\":{\"@id\":\"https:\\\/\\\/responsibletobacconv.com\\\/es\\\/merchant-information\\\/#breadcrumb\"},\"inLanguage\":\"es\",\"potentialAction\":[{\"@type\":\"ReadAction\",\"target\":[\"https:\\\/\\\/responsibletobacconv.com\\\/es\\\/merchant-information\\\/\"]}]},{\"@type\":\"BreadcrumbList\",\"@id\":\"https:\\\/\\\/responsibletobacconv.com\\\/es\\\/merchant-information\\\/#breadcrumb\",\"itemListElement\":[{\"@type\":\"ListItem\",\"position\":1,\"name\":\"Home\",\"item\":\"https:\\\/\\\/responsibletobacconv.com\\\/es\\\/\"},{\"@type\":\"ListItem\",\"position\":2,\"name\":\"Informaci\u00f3n-comerciantes\"}]},{\"@type\":\"WebSite\",\"@id\":\"https:\\\/\\\/responsibletobacconv.com\\\/es\\\/#website\",\"url\":\"https:\\\/\\\/responsibletobacconv.com\\\/es\\\/\",\"name\":\"Tobacco Merchant Training Platform\",\"description\":\"\",\"potentialAction\":[{\"@type\":\"SearchAction\",\"target\":{\"@type\":\"EntryPoint\",\"urlTemplate\":\"https:\\\/\\\/responsibletobacconv.com\\\/es\\\/?s={search_term_string}\"},\"query-input\":{\"@type\":\"PropertyValueSpecification\",\"valueRequired\":true,\"valueName\":\"search_term_string\"}}],\"inLanguage\":\"es\"}]}<\/script>\n<!-- \/ Yoast SEO plugin. -->","yoast_head_json":{"title":"Informaci\u00f3n-comerciantes - Tobacco Merchant Training Platform","robots":{"index":"index","follow":"follow","max-snippet":"max-snippet:-1","max-image-preview":"max-image-preview:large","max-video-preview":"max-video-preview:-1"},"canonical":"https:\/\/responsibletobacconv.com\/es\/merchant-information\/","og_locale":"es_ES","og_type":"article","og_title":"Informaci\u00f3n-comerciantes - Tobacco Merchant Training Platform","og_description":"Este sitio fue dise\u00f1ado como un recurso para ayudar a los comerciantes asegurar la formaci\u00f3n adecuada de los miembros del personal en lo que respecta a la venta de productos de tabaco. Este entrenamiento en l\u00ednea proporciona una visi\u00f3n general de las leyes federales y estatales, productos de tabaco, c\u00f3mo comprobar correctamente los ID, y [&hellip;]","og_url":"https:\/\/responsibletobacconv.com\/es\/merchant-information\/","og_site_name":"Tobacco Merchant Training Platform","article_modified_time":"2021-12-08T04:33:32+00:00","twitter_card":"summary_large_image","twitter_misc":{"Tiempo de lectura":"1 minuto"},"schema":{"@context":"https:\/\/schema.org","@graph":[{"@type":"WebPage","@id":"https:\/\/responsibletobacconv.com\/es\/merchant-information\/","url":"https:\/\/responsibletobacconv.com\/es\/merchant-information\/","name":"Informaci\u00f3n-comerciantes - Tobacco Merchant Training Platform","isPartOf":{"@id":"https:\/\/responsibletobacconv.com\/es\/#website"},"datePublished":"2018-09-11T18:44:03+00:00","dateModified":"2021-12-08T04:33:32+00:00","breadcrumb":{"@id":"https:\/\/responsibletobacconv.com\/es\/merchant-information\/#breadcrumb"},"inLanguage":"es","potentialAction":[{"@type":"ReadAction","target":["https:\/\/responsibletobacconv.com\/es\/merchant-information\/"]}]},{"@type":"BreadcrumbList","@id":"https:\/\/responsibletobacconv.com\/es\/merchant-information\/#breadcrumb","itemListElement":[{"@type":"ListItem","position":1,"name":"Home","item":"https:\/\/responsibletobacconv.com\/es\/"},{"@type":"ListItem","position":2,"name":"Informaci\u00f3n-comerciantes"}]},{"@type":"WebSite","@id":"https:\/\/responsibletobacconv.com\/es\/#website","url":"https:\/\/responsibletobacconv.com\/es\/","name":"Tobacco Merchant Training Platform","description":"","potentialAction":[{"@type":"SearchAction","target":{"@type":"EntryPoint","urlTemplate":"https:\/\/responsibletobacconv.com\/es\/?s={search_term_string}"},"query-input":{"@type":"PropertyValueSpecification","valueRequired":true,"valueName":"search_term_string"}}],"inLanguage":"es"}]}},"_links":{"self":[{"href":"https:\/\/responsibletobacconv.com\/es\/wp-json\/wp\/v2\/pages\/53","targetHints":{"allow":["GET"]}}],"collection":[{"href":"https:\/\/responsibletobacconv.com\/es\/wp-json\/wp\/v2\/pages"}],"about":[{"href":"https:\/\/responsibletobacconv.com\/es\/wp-json\/wp\/v2\/types\/page"}],"author":[{"embeddable":true,"href":"https:\/\/responsibletobacconv.com\/es\/wp-json\/wp\/v2\/users\/1"}],"replies":[{"embeddable":true,"href":"https:\/\/responsibletobacconv.com\/es\/wp-json\/wp\/v2\/comments?post=53"}],"version-history":[{"count":20,"href":"https:\/\/responsibletobacconv.com\/es\/wp-json\/wp\/v2\/pages\/53\/revisions"}],"predecessor-version":[{"id":274,"href":"https:\/\/responsibletobacconv.com\/es\/wp-json\/wp\/v2\/pages\/53\/revisions\/274"}],"wp:attachment":[{"href":"https:\/\/responsibletobacconv.com\/es\/wp-json\/wp\/v2\/media?parent=53"}],"curies":[{"name":"wp","href":"https:\/\/api.w.org\/{rel}","templated":true}]}}