{"id":42,"date":"2018-09-11T03:29:28","date_gmt":"2018-09-11T03:29:28","guid":{"rendered":"http:\/\/nhd.tobaccomerchant.webapp.bc.kps3dev.com\/?page_id=42"},"modified":"2022-02-15T20:53:14","modified_gmt":"2022-02-15T20:53:14","slug":"quienes_somos","status":"publish","type":"page","link":"https:\/\/responsibletobacconv.com\/es\/quienes_somos\/","title":{"rendered":"Qui\u00e9nes Somos"},"content":{"rendered":"<p><span style=\"font-weight: 400;\">La Capacitaci\u00f3n para la Venta Responsable de Tabaco en Nevada (Nevada Responsible Tobacco Sales Training) es una iniciativa de colaboraci\u00f3n entre el Programa de Control del Tabaco del Estado de Nevada (<\/span><a href=\"http:\/\/dpbh.nv.gov\/Programs\/TPC\/Tobacco_Prevention_and_Control_-_Home\/\"><span style=\"font-weight: 400;\">TCP, por sus siglas en ingl\u00e9s<\/span><\/a><span style=\"font-weight: 400;\">), la <\/span><span style=\"font-weight: 400;\">Oficina de Cuidado de la Salud Mental y Prevenci\u00f3n de Adicciones (BBHWP, por sus siglas en ingl\u00e9s)<\/span><span style=\"font-weight: 400;\">, las autoridades locales de salud y las coaliciones comunitarias. Esta asociaci\u00f3n promueve proyectos para abordar el consumo de tabaco por parte de los j\u00f3venes mediante la prevenci\u00f3n de la venta del mismo a menores dentro del Estado de Nevada, siendo esta herramienta de educaci\u00f3n para los comerciantes su principal objetivo.<\/span><\/p>\n","protected":false},"excerpt":{"rendered":"<p>La Capacitaci\u00f3n para la Venta Responsable de Tabaco en Nevada (Nevada Responsible Tobacco Sales Training) es una iniciativa de colaboraci\u00f3n entre el Programa de Control del Tabaco del Estado de Nevada (TCP, por sus siglas en ingl\u00e9s), la Oficina de Cuidado de la Salud Mental y Prevenci\u00f3n de Adicciones (BBHWP, por sus siglas en ingl\u00e9s), [&hellip;]<\/p>\n","protected":false},"author":1,"featured_media":0,"parent":0,"menu_order":0,"comment_status":"closed","ping_status":"closed","template":"availableTemplates\/programLandingPage.php","meta":{"_trash_the_other_posts":false,"editor_notices":[],"footnotes":""},"class_list":["post-42","page","type-page","status-publish","hentry"],"yoast_head":"<!-- This site is optimized with the Yoast SEO plugin v27.2 - https:\/\/yoast.com\/product\/yoast-seo-wordpress\/ -->\n<title>Qui\u00e9nes Somos - Tobacco Merchant Training Platform<\/title>\n<meta name=\"robots\" content=\"index, follow, max-snippet:-1, max-image-preview:large, max-video-preview:-1\" \/>\n<link rel=\"canonical\" href=\"https:\/\/responsibletobacconv.com\/es\/quienes_somos\/\" \/>\n<meta property=\"og:locale\" content=\"es_ES\" \/>\n<meta property=\"og:type\" content=\"article\" \/>\n<meta property=\"og:title\" content=\"Qui\u00e9nes Somos - Tobacco Merchant Training Platform\" \/>\n<meta property=\"og:description\" content=\"La Capacitaci\u00f3n para la Venta Responsable de Tabaco en Nevada (Nevada Responsible Tobacco Sales Training) es una iniciativa de colaboraci\u00f3n entre el Programa de Control del Tabaco del Estado de Nevada (TCP, por sus siglas en ingl\u00e9s), la Oficina de Cuidado de la Salud Mental y Prevenci\u00f3n de Adicciones (BBHWP, por sus siglas en ingl\u00e9s), [&hellip;]\" \/>\n<meta property=\"og:url\" content=\"https:\/\/responsibletobacconv.com\/es\/quienes_somos\/\" \/>\n<meta property=\"og:site_name\" content=\"Tobacco Merchant Training Platform\" \/>\n<meta property=\"article:modified_time\" content=\"2022-02-15T20:53:14+00:00\" \/>\n<meta name=\"twitter:card\" content=\"summary_large_image\" \/>\n<meta name=\"twitter:label1\" content=\"Tiempo de lectura\" \/>\n\t<meta name=\"twitter:data1\" content=\"1 minuto\" \/>\n<script type=\"application\/ld+json\" class=\"yoast-schema-graph\">{\"@context\":\"https:\/\/schema.org\",\"@graph\":[{\"@type\":\"WebPage\",\"@id\":\"https:\/\/responsibletobacconv.com\/es\/quienes_somos\/\",\"url\":\"https:\/\/responsibletobacconv.com\/es\/quienes_somos\/\",\"name\":\"Qui\u00e9nes Somos - Tobacco Merchant Training Platform\",\"isPartOf\":{\"@id\":\"https:\/\/responsibletobacconv.com\/es\/#website\"},\"datePublished\":\"2018-09-11T03:29:28+00:00\",\"dateModified\":\"2022-02-15T20:53:14+00:00\",\"breadcrumb\":{\"@id\":\"https:\/\/responsibletobacconv.com\/es\/quienes_somos\/#breadcrumb\"},\"inLanguage\":\"es\",\"potentialAction\":[{\"@type\":\"ReadAction\",\"target\":[\"https:\/\/responsibletobacconv.com\/es\/quienes_somos\/\"]}]},{\"@type\":\"BreadcrumbList\",\"@id\":\"https:\/\/responsibletobacconv.com\/es\/quienes_somos\/#breadcrumb\",\"itemListElement\":[{\"@type\":\"ListItem\",\"position\":1,\"name\":\"Home\",\"item\":\"https:\/\/responsibletobacconv.com\/es\/\"},{\"@type\":\"ListItem\",\"position\":2,\"name\":\"Qui\u00e9nes Somos\"}]},{\"@type\":\"WebSite\",\"@id\":\"https:\/\/responsibletobacconv.com\/es\/#website\",\"url\":\"https:\/\/responsibletobacconv.com\/es\/\",\"name\":\"Tobacco Merchant Training Platform\",\"description\":\"\",\"potentialAction\":[{\"@type\":\"SearchAction\",\"target\":{\"@type\":\"EntryPoint\",\"urlTemplate\":\"https:\/\/responsibletobacconv.com\/es\/?s={search_term_string}\"},\"query-input\":{\"@type\":\"PropertyValueSpecification\",\"valueRequired\":true,\"valueName\":\"search_term_string\"}}],\"inLanguage\":\"es\"}]}<\/script>\n<!-- \/ Yoast SEO plugin. -->","yoast_head_json":{"title":"Qui\u00e9nes Somos - Tobacco Merchant Training Platform","robots":{"index":"index","follow":"follow","max-snippet":"max-snippet:-1","max-image-preview":"max-image-preview:large","max-video-preview":"max-video-preview:-1"},"canonical":"https:\/\/responsibletobacconv.com\/es\/quienes_somos\/","og_locale":"es_ES","og_type":"article","og_title":"Qui\u00e9nes Somos - Tobacco Merchant Training Platform","og_description":"La Capacitaci\u00f3n para la Venta Responsable de Tabaco en Nevada (Nevada Responsible Tobacco Sales Training) es una iniciativa de colaboraci\u00f3n entre el Programa de Control del Tabaco del Estado de Nevada (TCP, por sus siglas en ingl\u00e9s), la Oficina de Cuidado de la Salud Mental y Prevenci\u00f3n de Adicciones (BBHWP, por sus siglas en ingl\u00e9s), [&hellip;]","og_url":"https:\/\/responsibletobacconv.com\/es\/quienes_somos\/","og_site_name":"Tobacco Merchant Training Platform","article_modified_time":"2022-02-15T20:53:14+00:00","twitter_card":"summary_large_image","twitter_misc":{"Tiempo de lectura":"1 minuto"},"schema":{"@context":"https:\/\/schema.org","@graph":[{"@type":"WebPage","@id":"https:\/\/responsibletobacconv.com\/es\/quienes_somos\/","url":"https:\/\/responsibletobacconv.com\/es\/quienes_somos\/","name":"Qui\u00e9nes Somos - Tobacco Merchant Training Platform","isPartOf":{"@id":"https:\/\/responsibletobacconv.com\/es\/#website"},"datePublished":"2018-09-11T03:29:28+00:00","dateModified":"2022-02-15T20:53:14+00:00","breadcrumb":{"@id":"https:\/\/responsibletobacconv.com\/es\/quienes_somos\/#breadcrumb"},"inLanguage":"es","potentialAction":[{"@type":"ReadAction","target":["https:\/\/responsibletobacconv.com\/es\/quienes_somos\/"]}]},{"@type":"BreadcrumbList","@id":"https:\/\/responsibletobacconv.com\/es\/quienes_somos\/#breadcrumb","itemListElement":[{"@type":"ListItem","position":1,"name":"Home","item":"https:\/\/responsibletobacconv.com\/es\/"},{"@type":"ListItem","position":2,"name":"Qui\u00e9nes Somos"}]},{"@type":"WebSite","@id":"https:\/\/responsibletobacconv.com\/es\/#website","url":"https:\/\/responsibletobacconv.com\/es\/","name":"Tobacco Merchant Training Platform","description":"","potentialAction":[{"@type":"SearchAction","target":{"@type":"EntryPoint","urlTemplate":"https:\/\/responsibletobacconv.com\/es\/?s={search_term_string}"},"query-input":{"@type":"PropertyValueSpecification","valueRequired":true,"valueName":"search_term_string"}}],"inLanguage":"es"}]}},"_links":{"self":[{"href":"https:\/\/responsibletobacconv.com\/es\/wp-json\/wp\/v2\/pages\/42","targetHints":{"allow":["GET"]}}],"collection":[{"href":"https:\/\/responsibletobacconv.com\/es\/wp-json\/wp\/v2\/pages"}],"about":[{"href":"https:\/\/responsibletobacconv.com\/es\/wp-json\/wp\/v2\/types\/page"}],"author":[{"embeddable":true,"href":"https:\/\/responsibletobacconv.com\/es\/wp-json\/wp\/v2\/users\/1"}],"replies":[{"embeddable":true,"href":"https:\/\/responsibletobacconv.com\/es\/wp-json\/wp\/v2\/comments?post=42"}],"version-history":[{"count":14,"href":"https:\/\/responsibletobacconv.com\/es\/wp-json\/wp\/v2\/pages\/42\/revisions"}],"predecessor-version":[{"id":292,"href":"https:\/\/responsibletobacconv.com\/es\/wp-json\/wp\/v2\/pages\/42\/revisions\/292"}],"wp:attachment":[{"href":"https:\/\/responsibletobacconv.com\/es\/wp-json\/wp\/v2\/media?parent=42"}],"curies":[{"name":"wp","href":"https:\/\/api.w.org\/{rel}","templated":true}]}}