{"id":40,"date":"2018-09-11T03:28:03","date_gmt":"2018-09-11T03:28:03","guid":{"rendered":"http:\/\/nhd.tobaccomerchant.webapp.bc.kps3dev.com\/?page_id=40"},"modified":"2022-11-10T20:31:37","modified_gmt":"2022-11-10T20:31:37","slug":"unidades-de-aprendizaje","status":"publish","type":"page","link":"https:\/\/responsibletobacconv.com\/es\/unidades-de-aprendizaje\/","title":{"rendered":"Unidades de aprendizaje"},"content":{"rendered":"<p><span style=\"font-weight: 400;\">La capacitaci\u00f3n para la Venta Responsable de Tabaco de Nevada le ense\u00f1ar\u00e1 todo lo que necesita saber para evitar la venta de productos derivados del tabaco a menores de edad. Cuando complete el cuestionario, aprender\u00e1 sobre cada una de las siete \u00e1reas siguientes. El contenido de la capacitaci\u00f3n se incluye a continuaci\u00f3n para que cualquiera pueda revisar las lecciones en cualquier momento. Haga clic en los siguientes enlaces para conocer las leyes y los procedimientos relativos al tabaco.<\/span><\/p>\n<ol>\n<li style=\"font-weight: 400;\" aria-level=\"1\"><a href=\"https:\/\/responsibletobacconv.com\/learning-modules\/federal-and-nevada-state-laws-regulations\/\"><span style=\"font-weight: 400;\">Leyes y reglamentos federales y estatales<\/span><\/a><\/li>\n<li style=\"font-weight: 400;\" aria-level=\"1\"><a href=\"https:\/\/responsibletobacconv.com\/learning-modules\/tobacco-products-covered-in-tobacco-21-law\/\"><span style=\"font-weight: 400;\">Productos derivados del tabaco contemplados en la Ley de Tobacco 21<\/span><\/a><\/li>\n<li style=\"font-weight: 400;\" aria-level=\"1\"><a href=\"https:\/\/responsibletobacconv.com\/learning-modules\/compliance-inspections-fines-and-penalties\/\"><span style=\"font-weight: 400;\">Inspecciones de cumplimiento y sanciones<\/span><\/a><\/li>\n<li style=\"font-weight: 400;\" aria-level=\"1\"><a href=\"https:\/\/responsibletobacconv.com\/learning-modules\/age-verification-techniques-verifying-authenticity-of-photo-identifications\/\"><span style=\"font-weight: 400;\">T\u00e9cnicas de verificaci\u00f3n de la edad y c\u00f3mo verificar la autenticidad de una fotograf\u00eda<\/span><\/a><\/li>\n<li style=\"font-weight: 400;\" aria-level=\"1\"><span style=\"font-weight: 400;\">C\u00f3mo rechazar ventas<\/span><\/li>\n<li style=\"font-weight: 400;\" aria-level=\"1\"><span style=\"font-weight: 400;\">Efectos del consumo de tabaco para la salud de j\u00f3venes y adultos<\/span><\/li>\n<\/ol>\n<p><span style=\"font-weight: 400;\">Cada unidad contiene la informaci\u00f3n que la Administraci\u00f3n de Alimentos y Medicamentos (FDA) recomienda que todos los distribuidores de tabaco conozcan y comprendan acerca de la Ley de Tobacco 21. Una vez completadas las 6 unidades de aprendizaje, los participantes realizar\u00e1n un cuestionario global con el que obtendr\u00e1n la Certificaci\u00f3n de Venta Responsable de Tabaco de Nevada.<\/span><\/p>\n<p><span style=\"font-weight: 400;\">El programa tambi\u00e9n proporciona materiales impresos para cada una de las unidades de aprendizaje, que pueden utilizarse para el estudio individual o como una gu\u00eda de capacitaci\u00f3n centrada en la representaci\u00f3n de escenarios reales con los clientes y en c\u00f3mo cumplir las leyes y reglamentos relativos a la Ley Tobacco 21.<\/span><\/p>\n<p><span style=\"font-weight: 400;\">Si tiene alguna duda o consulta, <\/span><a href=\"https:\/\/responsibletobacconv.com\/contact\/\"><span style=\"font-weight: 400;\">haga clic aqu\u00ed para ponerse en contacto con nosotros.<\/span><\/a><\/p>\n","protected":false},"excerpt":{"rendered":"<p>La capacitaci\u00f3n para la Venta Responsable de Tabaco de Nevada le ense\u00f1ar\u00e1 todo lo que necesita saber para evitar la venta de productos derivados del tabaco a menores de edad. Cuando complete el cuestionario, aprender\u00e1 sobre cada una de las siete \u00e1reas siguientes. El contenido de la capacitaci\u00f3n se incluye a continuaci\u00f3n para que cualquiera [&hellip;]<\/p>\n","protected":false},"author":1,"featured_media":0,"parent":0,"menu_order":0,"comment_status":"closed","ping_status":"closed","template":"","meta":{"_trash_the_other_posts":false,"editor_notices":[],"footnotes":""},"class_list":["post-40","page","type-page","status-publish","hentry"],"yoast_head":"<!-- This site is optimized with the Yoast SEO plugin v27.2 - https:\/\/yoast.com\/product\/yoast-seo-wordpress\/ -->\n<title>Unidades de aprendizaje - Tobacco Merchant Training Platform<\/title>\n<meta name=\"robots\" content=\"index, follow, max-snippet:-1, max-image-preview:large, max-video-preview:-1\" \/>\n<link rel=\"canonical\" href=\"https:\/\/responsibletobacconv.com\/es\/unidades-de-aprendizaje\/\" \/>\n<meta property=\"og:locale\" content=\"es_ES\" \/>\n<meta property=\"og:type\" content=\"article\" \/>\n<meta property=\"og:title\" content=\"Unidades de aprendizaje - Tobacco Merchant Training Platform\" \/>\n<meta property=\"og:description\" content=\"La capacitaci\u00f3n para la Venta Responsable de Tabaco de Nevada le ense\u00f1ar\u00e1 todo lo que necesita saber para evitar la venta de productos derivados del tabaco a menores de edad. Cuando complete el cuestionario, aprender\u00e1 sobre cada una de las siete \u00e1reas siguientes. El contenido de la capacitaci\u00f3n se incluye a continuaci\u00f3n para que cualquiera [&hellip;]\" \/>\n<meta property=\"og:url\" content=\"https:\/\/responsibletobacconv.com\/es\/unidades-de-aprendizaje\/\" \/>\n<meta property=\"og:site_name\" content=\"Tobacco Merchant Training Platform\" \/>\n<meta property=\"article:modified_time\" content=\"2022-11-10T20:31:37+00:00\" \/>\n<meta name=\"twitter:card\" content=\"summary_large_image\" \/>\n<meta name=\"twitter:label1\" content=\"Tiempo de lectura\" \/>\n\t<meta name=\"twitter:data1\" content=\"1 minuto\" \/>\n<script type=\"application\/ld+json\" class=\"yoast-schema-graph\">{\"@context\":\"https:\/\/schema.org\",\"@graph\":[{\"@type\":\"WebPage\",\"@id\":\"https:\/\/responsibletobacconv.com\/es\/unidades-de-aprendizaje\/\",\"url\":\"https:\/\/responsibletobacconv.com\/es\/unidades-de-aprendizaje\/\",\"name\":\"Unidades de aprendizaje - Tobacco Merchant Training Platform\",\"isPartOf\":{\"@id\":\"https:\/\/responsibletobacconv.com\/es\/#website\"},\"datePublished\":\"2018-09-11T03:28:03+00:00\",\"dateModified\":\"2022-11-10T20:31:37+00:00\",\"breadcrumb\":{\"@id\":\"https:\/\/responsibletobacconv.com\/es\/unidades-de-aprendizaje\/#breadcrumb\"},\"inLanguage\":\"es\",\"potentialAction\":[{\"@type\":\"ReadAction\",\"target\":[\"https:\/\/responsibletobacconv.com\/es\/unidades-de-aprendizaje\/\"]}]},{\"@type\":\"BreadcrumbList\",\"@id\":\"https:\/\/responsibletobacconv.com\/es\/unidades-de-aprendizaje\/#breadcrumb\",\"itemListElement\":[{\"@type\":\"ListItem\",\"position\":1,\"name\":\"Home\",\"item\":\"https:\/\/responsibletobacconv.com\/es\/\"},{\"@type\":\"ListItem\",\"position\":2,\"name\":\"Unidades de aprendizaje\"}]},{\"@type\":\"WebSite\",\"@id\":\"https:\/\/responsibletobacconv.com\/es\/#website\",\"url\":\"https:\/\/responsibletobacconv.com\/es\/\",\"name\":\"Tobacco Merchant Training Platform\",\"description\":\"\",\"potentialAction\":[{\"@type\":\"SearchAction\",\"target\":{\"@type\":\"EntryPoint\",\"urlTemplate\":\"https:\/\/responsibletobacconv.com\/es\/?s={search_term_string}\"},\"query-input\":{\"@type\":\"PropertyValueSpecification\",\"valueRequired\":true,\"valueName\":\"search_term_string\"}}],\"inLanguage\":\"es\"}]}<\/script>\n<!-- \/ Yoast SEO plugin. -->","yoast_head_json":{"title":"Unidades de aprendizaje - Tobacco Merchant Training Platform","robots":{"index":"index","follow":"follow","max-snippet":"max-snippet:-1","max-image-preview":"max-image-preview:large","max-video-preview":"max-video-preview:-1"},"canonical":"https:\/\/responsibletobacconv.com\/es\/unidades-de-aprendizaje\/","og_locale":"es_ES","og_type":"article","og_title":"Unidades de aprendizaje - Tobacco Merchant Training Platform","og_description":"La capacitaci\u00f3n para la Venta Responsable de Tabaco de Nevada le ense\u00f1ar\u00e1 todo lo que necesita saber para evitar la venta de productos derivados del tabaco a menores de edad. Cuando complete el cuestionario, aprender\u00e1 sobre cada una de las siete \u00e1reas siguientes. El contenido de la capacitaci\u00f3n se incluye a continuaci\u00f3n para que cualquiera [&hellip;]","og_url":"https:\/\/responsibletobacconv.com\/es\/unidades-de-aprendizaje\/","og_site_name":"Tobacco Merchant Training Platform","article_modified_time":"2022-11-10T20:31:37+00:00","twitter_card":"summary_large_image","twitter_misc":{"Tiempo de lectura":"1 minuto"},"schema":{"@context":"https:\/\/schema.org","@graph":[{"@type":"WebPage","@id":"https:\/\/responsibletobacconv.com\/es\/unidades-de-aprendizaje\/","url":"https:\/\/responsibletobacconv.com\/es\/unidades-de-aprendizaje\/","name":"Unidades de aprendizaje - Tobacco Merchant Training Platform","isPartOf":{"@id":"https:\/\/responsibletobacconv.com\/es\/#website"},"datePublished":"2018-09-11T03:28:03+00:00","dateModified":"2022-11-10T20:31:37+00:00","breadcrumb":{"@id":"https:\/\/responsibletobacconv.com\/es\/unidades-de-aprendizaje\/#breadcrumb"},"inLanguage":"es","potentialAction":[{"@type":"ReadAction","target":["https:\/\/responsibletobacconv.com\/es\/unidades-de-aprendizaje\/"]}]},{"@type":"BreadcrumbList","@id":"https:\/\/responsibletobacconv.com\/es\/unidades-de-aprendizaje\/#breadcrumb","itemListElement":[{"@type":"ListItem","position":1,"name":"Home","item":"https:\/\/responsibletobacconv.com\/es\/"},{"@type":"ListItem","position":2,"name":"Unidades de aprendizaje"}]},{"@type":"WebSite","@id":"https:\/\/responsibletobacconv.com\/es\/#website","url":"https:\/\/responsibletobacconv.com\/es\/","name":"Tobacco Merchant Training Platform","description":"","potentialAction":[{"@type":"SearchAction","target":{"@type":"EntryPoint","urlTemplate":"https:\/\/responsibletobacconv.com\/es\/?s={search_term_string}"},"query-input":{"@type":"PropertyValueSpecification","valueRequired":true,"valueName":"search_term_string"}}],"inLanguage":"es"}]}},"_links":{"self":[{"href":"https:\/\/responsibletobacconv.com\/es\/wp-json\/wp\/v2\/pages\/40","targetHints":{"allow":["GET"]}}],"collection":[{"href":"https:\/\/responsibletobacconv.com\/es\/wp-json\/wp\/v2\/pages"}],"about":[{"href":"https:\/\/responsibletobacconv.com\/es\/wp-json\/wp\/v2\/types\/page"}],"author":[{"embeddable":true,"href":"https:\/\/responsibletobacconv.com\/es\/wp-json\/wp\/v2\/users\/1"}],"replies":[{"embeddable":true,"href":"https:\/\/responsibletobacconv.com\/es\/wp-json\/wp\/v2\/comments?post=40"}],"version-history":[{"count":28,"href":"https:\/\/responsibletobacconv.com\/es\/wp-json\/wp\/v2\/pages\/40\/revisions"}],"predecessor-version":[{"id":59,"href":"https:\/\/responsibletobacconv.com\/es\/wp-json\/wp\/v2\/pages\/40\/revisions\/59"}],"wp:attachment":[{"href":"https:\/\/responsibletobacconv.com\/es\/wp-json\/wp\/v2\/media?parent=40"}],"curies":[{"name":"wp","href":"https:\/\/api.w.org\/{rel}","templated":true}]}}