{"id":296,"date":"2022-03-16T20:31:44","date_gmt":"2022-03-16T20:31:44","guid":{"rendered":"https:\/\/responsibletobacconv.com\/es\/?page_id=296"},"modified":"2022-03-16T20:41:20","modified_gmt":"2022-03-16T20:41:20","slug":"informacion-para-empleados","status":"publish","type":"page","link":"https:\/\/responsibletobacconv.com\/es\/informacion-para-empleados\/","title":{"rendered":"Informaci\u00f3n para empleados"},"content":{"rendered":"<p><span style=\"font-weight: 400;\">Como empleado de un establecimiento que vende productos derivados del tabaco, usted debe respetar las leyes federales y del Estado de Nevada, incluyendo las regulaciones que proh\u00edben la venta y distribuci\u00f3n de productos derivados del tabaco a cualquier persona menor de 21 a\u00f1os. La Administraci\u00f3n de Alimentos y Medicamentos (FDA) considera que los elementos utilizados en este programa de formaci\u00f3n son eficaces para lograr este objetivo. Este sitio fue dise\u00f1ado como una herramienta para ayudarle a garantizar una capacitaci\u00f3n adecuada con respecto a la venta de productos derivados del tabaco.<\/span><\/p>\n<p><span style=\"font-weight: 400;\">Esta capacitaci\u00f3n en l\u00ednea proporciona una descripci\u00f3n general de las leyes federales y estatales, de los productos derivados del tabaco, de c\u00f3mo verificar correctamente las identificaciones y de c\u00f3mo lidiar con las interacciones dif\u00edciles con los clientes. Al final, se realizar\u00e1 un breve cuestionario que pondr\u00e1 a prueba los conocimientos sobre estos temas. Una vez completado, recibir\u00e1 un certificado de finalizaci\u00f3n. Este sitio tambi\u00e9n tiene como objetivo ser una herramienta para consultar cada vez que tenga dudas sobre cualquier tema relacionado con la venta de productos derivados del tabaco.<\/span><\/p>\n<p><span style=\"font-weight: 400;\">Tambi\u00e9n disponemos de contenido adicional que puede descargar para asegurarse de tener la informaci\u00f3n m\u00e1s actualizada y precisa sobre las leyes y reglamentos relativos a la venta de productos derivados del tabaco:<\/span><\/p>\n<ul>\n<li style=\"font-weight: 400;\" aria-level=\"1\"><span style=\"font-weight: 400;\">Haga clic aqu\u00ed para acceder a la <\/span><a href=\"https:\/\/responsibletobacconv.com\/es\/wp-content\/uploads\/sites\/3\/2022\/03\/An-Employees-Guide-to-Responsible-Tobacco-Training.-Translated.pdf\"><span style=\"font-weight: 400;\">Gu\u00eda de Capacitaci\u00f3n<\/span><\/a><\/li>\n<li style=\"font-weight: 400;\" aria-level=\"1\"><span style=\"font-weight: 400;\">Haga clic aqu\u00ed para acceder a las <\/span><a href=\"https:\/\/responsibletobacconv.com\/es\/learning-material\/\"><span style=\"font-weight: 400;\">Unidades de Aprendizaje<\/span><\/a><\/li>\n<li style=\"font-weight: 400;\" aria-level=\"1\"><span style=\"font-weight: 400;\">Haga clic aqu\u00ed para acceder al <\/span><a href=\"https:\/\/responsibletobacconv.com\/module-resources\/\"><span style=\"font-weight: 400;\">Material de Aprendizaje<\/span><\/a><\/li>\n<\/ul>\n<p><span style=\"font-weight: 400;\">Si tiene alguna duda o consulta, <\/span><a href=\"https:\/\/responsibletobacconv.com\/contact\/\"><span style=\"font-weight: 400;\">haga clic aqu\u00ed para ponerse en contacto con nosotros.<\/span><\/a><\/p>\n","protected":false},"excerpt":{"rendered":"<p>Como empleado de un establecimiento que vende productos derivados del tabaco, usted debe respetar las leyes federales y del Estado de Nevada, incluyendo las regulaciones que proh\u00edben la venta y distribuci\u00f3n de productos derivados del tabaco a cualquier persona menor de 21 a\u00f1os. La Administraci\u00f3n de Alimentos y Medicamentos (FDA) considera que los elementos utilizados [&hellip;]<\/p>\n","protected":false},"author":1,"featured_media":0,"parent":0,"menu_order":0,"comment_status":"closed","ping_status":"closed","template":"","meta":{"_trash_the_other_posts":false,"editor_notices":[],"footnotes":""},"class_list":["post-296","page","type-page","status-publish","hentry"],"yoast_head":"<!-- This site is optimized with the Yoast SEO plugin v27.2 - https:\/\/yoast.com\/product\/yoast-seo-wordpress\/ -->\n<title>Informaci\u00f3n para empleados - Tobacco Merchant Training Platform<\/title>\n<meta name=\"robots\" content=\"index, follow, max-snippet:-1, max-image-preview:large, max-video-preview:-1\" \/>\n<link rel=\"canonical\" href=\"https:\/\/responsibletobacconv.com\/es\/informacion-para-empleados\/\" \/>\n<meta property=\"og:locale\" content=\"es_ES\" \/>\n<meta property=\"og:type\" content=\"article\" \/>\n<meta property=\"og:title\" content=\"Informaci\u00f3n para empleados - Tobacco Merchant Training Platform\" \/>\n<meta property=\"og:description\" content=\"Como empleado de un establecimiento que vende productos derivados del tabaco, usted debe respetar las leyes federales y del Estado de Nevada, incluyendo las regulaciones que proh\u00edben la venta y distribuci\u00f3n de productos derivados del tabaco a cualquier persona menor de 21 a\u00f1os. La Administraci\u00f3n de Alimentos y Medicamentos (FDA) considera que los elementos utilizados [&hellip;]\" \/>\n<meta property=\"og:url\" content=\"https:\/\/responsibletobacconv.com\/es\/informacion-para-empleados\/\" \/>\n<meta property=\"og:site_name\" content=\"Tobacco Merchant Training Platform\" \/>\n<meta property=\"article:modified_time\" content=\"2022-03-16T20:41:20+00:00\" \/>\n<meta name=\"twitter:card\" content=\"summary_large_image\" \/>\n<meta name=\"twitter:label1\" content=\"Tiempo de lectura\" \/>\n\t<meta name=\"twitter:data1\" content=\"2 minutos\" \/>\n<script type=\"application\/ld+json\" class=\"yoast-schema-graph\">{\"@context\":\"https:\/\/schema.org\",\"@graph\":[{\"@type\":\"WebPage\",\"@id\":\"https:\/\/responsibletobacconv.com\/es\/informacion-para-empleados\/\",\"url\":\"https:\/\/responsibletobacconv.com\/es\/informacion-para-empleados\/\",\"name\":\"Informaci\u00f3n para empleados - Tobacco Merchant Training Platform\",\"isPartOf\":{\"@id\":\"https:\/\/responsibletobacconv.com\/es\/#website\"},\"datePublished\":\"2022-03-16T20:31:44+00:00\",\"dateModified\":\"2022-03-16T20:41:20+00:00\",\"breadcrumb\":{\"@id\":\"https:\/\/responsibletobacconv.com\/es\/informacion-para-empleados\/#breadcrumb\"},\"inLanguage\":\"es\",\"potentialAction\":[{\"@type\":\"ReadAction\",\"target\":[\"https:\/\/responsibletobacconv.com\/es\/informacion-para-empleados\/\"]}]},{\"@type\":\"BreadcrumbList\",\"@id\":\"https:\/\/responsibletobacconv.com\/es\/informacion-para-empleados\/#breadcrumb\",\"itemListElement\":[{\"@type\":\"ListItem\",\"position\":1,\"name\":\"Home\",\"item\":\"https:\/\/responsibletobacconv.com\/es\/\"},{\"@type\":\"ListItem\",\"position\":2,\"name\":\"Informaci\u00f3n para empleados\"}]},{\"@type\":\"WebSite\",\"@id\":\"https:\/\/responsibletobacconv.com\/es\/#website\",\"url\":\"https:\/\/responsibletobacconv.com\/es\/\",\"name\":\"Tobacco Merchant Training Platform\",\"description\":\"\",\"potentialAction\":[{\"@type\":\"SearchAction\",\"target\":{\"@type\":\"EntryPoint\",\"urlTemplate\":\"https:\/\/responsibletobacconv.com\/es\/?s={search_term_string}\"},\"query-input\":{\"@type\":\"PropertyValueSpecification\",\"valueRequired\":true,\"valueName\":\"search_term_string\"}}],\"inLanguage\":\"es\"}]}<\/script>\n<!-- \/ Yoast SEO plugin. -->","yoast_head_json":{"title":"Informaci\u00f3n para empleados - Tobacco Merchant Training Platform","robots":{"index":"index","follow":"follow","max-snippet":"max-snippet:-1","max-image-preview":"max-image-preview:large","max-video-preview":"max-video-preview:-1"},"canonical":"https:\/\/responsibletobacconv.com\/es\/informacion-para-empleados\/","og_locale":"es_ES","og_type":"article","og_title":"Informaci\u00f3n para empleados - Tobacco Merchant Training Platform","og_description":"Como empleado de un establecimiento que vende productos derivados del tabaco, usted debe respetar las leyes federales y del Estado de Nevada, incluyendo las regulaciones que proh\u00edben la venta y distribuci\u00f3n de productos derivados del tabaco a cualquier persona menor de 21 a\u00f1os. La Administraci\u00f3n de Alimentos y Medicamentos (FDA) considera que los elementos utilizados [&hellip;]","og_url":"https:\/\/responsibletobacconv.com\/es\/informacion-para-empleados\/","og_site_name":"Tobacco Merchant Training Platform","article_modified_time":"2022-03-16T20:41:20+00:00","twitter_card":"summary_large_image","twitter_misc":{"Tiempo de lectura":"2 minutos"},"schema":{"@context":"https:\/\/schema.org","@graph":[{"@type":"WebPage","@id":"https:\/\/responsibletobacconv.com\/es\/informacion-para-empleados\/","url":"https:\/\/responsibletobacconv.com\/es\/informacion-para-empleados\/","name":"Informaci\u00f3n para empleados - Tobacco Merchant Training Platform","isPartOf":{"@id":"https:\/\/responsibletobacconv.com\/es\/#website"},"datePublished":"2022-03-16T20:31:44+00:00","dateModified":"2022-03-16T20:41:20+00:00","breadcrumb":{"@id":"https:\/\/responsibletobacconv.com\/es\/informacion-para-empleados\/#breadcrumb"},"inLanguage":"es","potentialAction":[{"@type":"ReadAction","target":["https:\/\/responsibletobacconv.com\/es\/informacion-para-empleados\/"]}]},{"@type":"BreadcrumbList","@id":"https:\/\/responsibletobacconv.com\/es\/informacion-para-empleados\/#breadcrumb","itemListElement":[{"@type":"ListItem","position":1,"name":"Home","item":"https:\/\/responsibletobacconv.com\/es\/"},{"@type":"ListItem","position":2,"name":"Informaci\u00f3n para empleados"}]},{"@type":"WebSite","@id":"https:\/\/responsibletobacconv.com\/es\/#website","url":"https:\/\/responsibletobacconv.com\/es\/","name":"Tobacco Merchant Training Platform","description":"","potentialAction":[{"@type":"SearchAction","target":{"@type":"EntryPoint","urlTemplate":"https:\/\/responsibletobacconv.com\/es\/?s={search_term_string}"},"query-input":{"@type":"PropertyValueSpecification","valueRequired":true,"valueName":"search_term_string"}}],"inLanguage":"es"}]}},"_links":{"self":[{"href":"https:\/\/responsibletobacconv.com\/es\/wp-json\/wp\/v2\/pages\/296","targetHints":{"allow":["GET"]}}],"collection":[{"href":"https:\/\/responsibletobacconv.com\/es\/wp-json\/wp\/v2\/pages"}],"about":[{"href":"https:\/\/responsibletobacconv.com\/es\/wp-json\/wp\/v2\/types\/page"}],"author":[{"embeddable":true,"href":"https:\/\/responsibletobacconv.com\/es\/wp-json\/wp\/v2\/users\/1"}],"replies":[{"embeddable":true,"href":"https:\/\/responsibletobacconv.com\/es\/wp-json\/wp\/v2\/comments?post=296"}],"version-history":[{"count":4,"href":"https:\/\/responsibletobacconv.com\/es\/wp-json\/wp\/v2\/pages\/296\/revisions"}],"predecessor-version":[{"id":303,"href":"https:\/\/responsibletobacconv.com\/es\/wp-json\/wp\/v2\/pages\/296\/revisions\/303"}],"wp:attachment":[{"href":"https:\/\/responsibletobacconv.com\/es\/wp-json\/wp\/v2\/media?parent=296"}],"curies":[{"name":"wp","href":"https:\/\/api.w.org\/{rel}","templated":true}]}}