{"id":111,"date":"2018-09-14T00:25:17","date_gmt":"2018-09-14T00:25:17","guid":{"rendered":"http:\/\/nhd.tobaccomerchant.webapp.bc.kps3dev.com\/?page_id=111"},"modified":"2021-12-09T20:21:53","modified_gmt":"2021-12-09T20:21:53","slug":"how-to-refuse-a-sale-to-a-minor","status":"publish","type":"page","link":"https:\/\/responsibletobacconv.com\/es\/unidades-de-aprendizaje\/how-to-refuse-a-sale-to-a-minor\/","title":{"rendered":"C\u00f3mo rechazar una venta a un menor"},"content":{"rendered":"<p>Rechazar una venta puede ser dif\u00edcil. La siguiente informaci\u00f3n puede ser \u00fatil cuando se niega a vender productos de tabaco sin la forma apropiada de identificaci\u00f3n.<\/p>\n<ul>\n<li>No venda ning\u00fan producto de tabaco sin una forma v\u00e1lida de ID.<\/li>\n<li>Los cigarrillos electr\u00f3nicos se consideran un producto de tabaco por la Administraci\u00f3n de Drogas y Alimentos y no pueden venderse a nadie menor de 21 a\u00f1os. Bajo la ley de Nevada, los productos de vapor tienen restricciones de edad y no pueden venderse a nadie menor de 21 a\u00f1os.<\/li>\n<li>Cort\u00e9smente d\u00edgale al cliente que usted no puede venderle el producto del tabaco, usted puede decir:\n<ul>\n<li>\u00abLo siento, no puedo venderle este producto\u00bb.<\/li>\n<li>\u00abEs la ley\u00bb.<\/li>\n<li>\u00abPuedo ser multado.\u00bb<\/li>\n<\/ul>\n<\/li>\n<li>Si le pide a un cliente una forma v\u00e1lida de identificaci\u00f3n y dice que no tiene una, no venda los productos.<\/li>\n<\/ul>\n","protected":false},"excerpt":{"rendered":"<p>Rechazar una venta puede ser dif\u00edcil. La siguiente informaci\u00f3n puede ser \u00fatil cuando se niega a vender productos de tabaco sin la forma apropiada de identificaci\u00f3n. No venda ning\u00fan producto de tabaco sin una forma v\u00e1lida de ID. Los cigarrillos electr\u00f3nicos se consideran un producto de tabaco por la Administraci\u00f3n de Drogas y Alimentos y [&hellip;]<\/p>\n","protected":false},"author":9,"featured_media":0,"parent":40,"menu_order":0,"comment_status":"closed","ping_status":"closed","template":"","meta":{"_trash_the_other_posts":false,"editor_notices":[],"footnotes":""},"class_list":["post-111","page","type-page","status-publish","hentry"],"yoast_head":"<!-- This site is optimized with the Yoast SEO plugin v27.2 - https:\/\/yoast.com\/product\/yoast-seo-wordpress\/ -->\n<title>C\u00f3mo rechazar una venta a un menor - Tobacco Merchant Training Platform<\/title>\n<meta name=\"robots\" content=\"index, follow, max-snippet:-1, max-image-preview:large, max-video-preview:-1\" \/>\n<link rel=\"canonical\" href=\"https:\/\/responsibletobacconv.com\/es\/unidades-de-aprendizaje\/how-to-refuse-a-sale-to-a-minor\/\" \/>\n<meta property=\"og:locale\" content=\"es_ES\" \/>\n<meta property=\"og:type\" content=\"article\" \/>\n<meta property=\"og:title\" content=\"C\u00f3mo rechazar una venta a un menor - Tobacco Merchant Training Platform\" \/>\n<meta property=\"og:description\" content=\"Rechazar una venta puede ser dif\u00edcil. La siguiente informaci\u00f3n puede ser \u00fatil cuando se niega a vender productos de tabaco sin la forma apropiada de identificaci\u00f3n. No venda ning\u00fan producto de tabaco sin una forma v\u00e1lida de ID. Los cigarrillos electr\u00f3nicos se consideran un producto de tabaco por la Administraci\u00f3n de Drogas y Alimentos y [&hellip;]\" \/>\n<meta property=\"og:url\" content=\"https:\/\/responsibletobacconv.com\/es\/unidades-de-aprendizaje\/how-to-refuse-a-sale-to-a-minor\/\" \/>\n<meta property=\"og:site_name\" content=\"Tobacco Merchant Training Platform\" \/>\n<meta property=\"article:modified_time\" content=\"2021-12-09T20:21:53+00:00\" \/>\n<meta name=\"twitter:card\" content=\"summary_large_image\" \/>\n<meta name=\"twitter:label1\" content=\"Tiempo de lectura\" \/>\n\t<meta name=\"twitter:data1\" content=\"1 minuto\" \/>\n<script type=\"application\/ld+json\" class=\"yoast-schema-graph\">{\"@context\":\"https:\/\/schema.org\",\"@graph\":[{\"@type\":\"WebPage\",\"@id\":\"https:\/\/responsibletobacconv.com\/es\/unidades-de-aprendizaje\/how-to-refuse-a-sale-to-a-minor\/\",\"url\":\"https:\/\/responsibletobacconv.com\/es\/unidades-de-aprendizaje\/how-to-refuse-a-sale-to-a-minor\/\",\"name\":\"C\u00f3mo rechazar una venta a un menor - Tobacco Merchant Training Platform\",\"isPartOf\":{\"@id\":\"https:\/\/responsibletobacconv.com\/es\/#website\"},\"datePublished\":\"2018-09-14T00:25:17+00:00\",\"dateModified\":\"2021-12-09T20:21:53+00:00\",\"breadcrumb\":{\"@id\":\"https:\/\/responsibletobacconv.com\/es\/unidades-de-aprendizaje\/how-to-refuse-a-sale-to-a-minor\/#breadcrumb\"},\"inLanguage\":\"es\",\"potentialAction\":[{\"@type\":\"ReadAction\",\"target\":[\"https:\/\/responsibletobacconv.com\/es\/unidades-de-aprendizaje\/how-to-refuse-a-sale-to-a-minor\/\"]}]},{\"@type\":\"BreadcrumbList\",\"@id\":\"https:\/\/responsibletobacconv.com\/es\/unidades-de-aprendizaje\/how-to-refuse-a-sale-to-a-minor\/#breadcrumb\",\"itemListElement\":[{\"@type\":\"ListItem\",\"position\":1,\"name\":\"Home\",\"item\":\"https:\/\/responsibletobacconv.com\/es\/\"},{\"@type\":\"ListItem\",\"position\":2,\"name\":\"Unidades de aprendizaje\",\"item\":\"https:\/\/responsibletobacconv.com\/es\/unidades-de-aprendizaje\/\"},{\"@type\":\"ListItem\",\"position\":3,\"name\":\"C\u00f3mo rechazar una venta a un menor\"}]},{\"@type\":\"WebSite\",\"@id\":\"https:\/\/responsibletobacconv.com\/es\/#website\",\"url\":\"https:\/\/responsibletobacconv.com\/es\/\",\"name\":\"Tobacco Merchant Training Platform\",\"description\":\"\",\"potentialAction\":[{\"@type\":\"SearchAction\",\"target\":{\"@type\":\"EntryPoint\",\"urlTemplate\":\"https:\/\/responsibletobacconv.com\/es\/?s={search_term_string}\"},\"query-input\":{\"@type\":\"PropertyValueSpecification\",\"valueRequired\":true,\"valueName\":\"search_term_string\"}}],\"inLanguage\":\"es\"}]}<\/script>\n<!-- \/ Yoast SEO plugin. -->","yoast_head_json":{"title":"C\u00f3mo rechazar una venta a un menor - Tobacco Merchant Training Platform","robots":{"index":"index","follow":"follow","max-snippet":"max-snippet:-1","max-image-preview":"max-image-preview:large","max-video-preview":"max-video-preview:-1"},"canonical":"https:\/\/responsibletobacconv.com\/es\/unidades-de-aprendizaje\/how-to-refuse-a-sale-to-a-minor\/","og_locale":"es_ES","og_type":"article","og_title":"C\u00f3mo rechazar una venta a un menor - Tobacco Merchant Training Platform","og_description":"Rechazar una venta puede ser dif\u00edcil. La siguiente informaci\u00f3n puede ser \u00fatil cuando se niega a vender productos de tabaco sin la forma apropiada de identificaci\u00f3n. No venda ning\u00fan producto de tabaco sin una forma v\u00e1lida de ID. Los cigarrillos electr\u00f3nicos se consideran un producto de tabaco por la Administraci\u00f3n de Drogas y Alimentos y [&hellip;]","og_url":"https:\/\/responsibletobacconv.com\/es\/unidades-de-aprendizaje\/how-to-refuse-a-sale-to-a-minor\/","og_site_name":"Tobacco Merchant Training Platform","article_modified_time":"2021-12-09T20:21:53+00:00","twitter_card":"summary_large_image","twitter_misc":{"Tiempo de lectura":"1 minuto"},"schema":{"@context":"https:\/\/schema.org","@graph":[{"@type":"WebPage","@id":"https:\/\/responsibletobacconv.com\/es\/unidades-de-aprendizaje\/how-to-refuse-a-sale-to-a-minor\/","url":"https:\/\/responsibletobacconv.com\/es\/unidades-de-aprendizaje\/how-to-refuse-a-sale-to-a-minor\/","name":"C\u00f3mo rechazar una venta a un menor - Tobacco Merchant Training Platform","isPartOf":{"@id":"https:\/\/responsibletobacconv.com\/es\/#website"},"datePublished":"2018-09-14T00:25:17+00:00","dateModified":"2021-12-09T20:21:53+00:00","breadcrumb":{"@id":"https:\/\/responsibletobacconv.com\/es\/unidades-de-aprendizaje\/how-to-refuse-a-sale-to-a-minor\/#breadcrumb"},"inLanguage":"es","potentialAction":[{"@type":"ReadAction","target":["https:\/\/responsibletobacconv.com\/es\/unidades-de-aprendizaje\/how-to-refuse-a-sale-to-a-minor\/"]}]},{"@type":"BreadcrumbList","@id":"https:\/\/responsibletobacconv.com\/es\/unidades-de-aprendizaje\/how-to-refuse-a-sale-to-a-minor\/#breadcrumb","itemListElement":[{"@type":"ListItem","position":1,"name":"Home","item":"https:\/\/responsibletobacconv.com\/es\/"},{"@type":"ListItem","position":2,"name":"Unidades de aprendizaje","item":"https:\/\/responsibletobacconv.com\/es\/unidades-de-aprendizaje\/"},{"@type":"ListItem","position":3,"name":"C\u00f3mo rechazar una venta a un menor"}]},{"@type":"WebSite","@id":"https:\/\/responsibletobacconv.com\/es\/#website","url":"https:\/\/responsibletobacconv.com\/es\/","name":"Tobacco Merchant Training Platform","description":"","potentialAction":[{"@type":"SearchAction","target":{"@type":"EntryPoint","urlTemplate":"https:\/\/responsibletobacconv.com\/es\/?s={search_term_string}"},"query-input":{"@type":"PropertyValueSpecification","valueRequired":true,"valueName":"search_term_string"}}],"inLanguage":"es"}]}},"_links":{"self":[{"href":"https:\/\/responsibletobacconv.com\/es\/wp-json\/wp\/v2\/pages\/111","targetHints":{"allow":["GET"]}}],"collection":[{"href":"https:\/\/responsibletobacconv.com\/es\/wp-json\/wp\/v2\/pages"}],"about":[{"href":"https:\/\/responsibletobacconv.com\/es\/wp-json\/wp\/v2\/types\/page"}],"author":[{"embeddable":true,"href":"https:\/\/responsibletobacconv.com\/es\/wp-json\/wp\/v2\/users\/9"}],"replies":[{"embeddable":true,"href":"https:\/\/responsibletobacconv.com\/es\/wp-json\/wp\/v2\/comments?post=111"}],"version-history":[{"count":6,"href":"https:\/\/responsibletobacconv.com\/es\/wp-json\/wp\/v2\/pages\/111\/revisions"}],"predecessor-version":[{"id":280,"href":"https:\/\/responsibletobacconv.com\/es\/wp-json\/wp\/v2\/pages\/111\/revisions\/280"}],"up":[{"embeddable":true,"href":"https:\/\/responsibletobacconv.com\/es\/wp-json\/wp\/v2\/pages\/40"}],"wp:attachment":[{"href":"https:\/\/responsibletobacconv.com\/es\/wp-json\/wp\/v2\/media?parent=111"}],"curies":[{"name":"wp","href":"https:\/\/api.w.org\/{rel}","templated":true}]}}