{"id":109,"date":"2018-09-14T00:24:43","date_gmt":"2018-09-14T00:24:43","guid":{"rendered":"http:\/\/nhd.tobaccomerchant.webapp.bc.kps3dev.com\/?page_id=109"},"modified":"2021-12-09T20:20:12","modified_gmt":"2021-12-09T20:20:12","slug":"how-to-deal-with-bad-customer-interactions","status":"publish","type":"page","link":"https:\/\/responsibletobacconv.com\/es\/unidades-de-aprendizaje\/how-to-deal-with-bad-customer-interactions\/","title":{"rendered":"C\u00f3mo lidiar con las malas interacciones con los clientes"},"content":{"rendered":"<p>Algunos clientes pueden molestarse si se le niegan los productos. Las siguientes estrategias pueden ser \u00fatiles cuando se trata de clientes molestos.<\/p>\n<ul>\n<li>Siempre mant\u00e9nga la calma.<\/li>\n<li>Informe al cliente que es la pol\u00edtica de la tienda no vender productos de tabaco a cualquier persona menor de 21 a\u00f1os.<\/li>\n<li>Explique cort\u00e9smente al cliente que est\u00e1 en contra de la ley para cualquier persona menor de 21 a\u00f1os comprar productos de tabaco.<\/li>\n<li>Un cliente debe tener una forma v\u00e1lida de ID v\u00e1lido para comprar productos de tabaco. Tatuajes, perforaciones o vello facial no son formas v\u00e1lidas de identificaci\u00f3n.<\/li>\n<li>Pregunte a su gerente o compa\u00f1eros de trabajo por su apoyo.<\/li>\n<\/ul>\n","protected":false},"excerpt":{"rendered":"<p>Algunos clientes pueden molestarse si se le niegan los productos. Las siguientes estrategias pueden ser \u00fatiles cuando se trata de clientes molestos. Siempre mant\u00e9nga la calma. Informe al cliente que es la pol\u00edtica de la tienda no vender productos de tabaco a cualquier persona menor de 21 a\u00f1os. Explique cort\u00e9smente al cliente que est\u00e1 en [&hellip;]<\/p>\n","protected":false},"author":9,"featured_media":0,"parent":40,"menu_order":0,"comment_status":"closed","ping_status":"closed","template":"","meta":{"_trash_the_other_posts":false,"editor_notices":[],"footnotes":""},"class_list":["post-109","page","type-page","status-publish","hentry"],"yoast_head":"<!-- This site is optimized with the Yoast SEO plugin v27.2 - https:\/\/yoast.com\/product\/yoast-seo-wordpress\/ -->\n<title>C\u00f3mo lidiar con las malas interacciones con los clientes - Tobacco Merchant Training Platform<\/title>\n<meta name=\"robots\" content=\"index, follow, max-snippet:-1, max-image-preview:large, max-video-preview:-1\" \/>\n<link rel=\"canonical\" href=\"https:\/\/responsibletobacconv.com\/es\/unidades-de-aprendizaje\/how-to-deal-with-bad-customer-interactions\/\" \/>\n<meta property=\"og:locale\" content=\"es_ES\" \/>\n<meta property=\"og:type\" content=\"article\" \/>\n<meta property=\"og:title\" content=\"C\u00f3mo lidiar con las malas interacciones con los clientes - Tobacco Merchant Training Platform\" \/>\n<meta property=\"og:description\" content=\"Algunos clientes pueden molestarse si se le niegan los productos. Las siguientes estrategias pueden ser \u00fatiles cuando se trata de clientes molestos. Siempre mant\u00e9nga la calma. Informe al cliente que es la pol\u00edtica de la tienda no vender productos de tabaco a cualquier persona menor de 21 a\u00f1os. Explique cort\u00e9smente al cliente que est\u00e1 en [&hellip;]\" \/>\n<meta property=\"og:url\" content=\"https:\/\/responsibletobacconv.com\/es\/unidades-de-aprendizaje\/how-to-deal-with-bad-customer-interactions\/\" \/>\n<meta property=\"og:site_name\" content=\"Tobacco Merchant Training Platform\" \/>\n<meta property=\"article:modified_time\" content=\"2021-12-09T20:20:12+00:00\" \/>\n<meta name=\"twitter:card\" content=\"summary_large_image\" \/>\n<meta name=\"twitter:label1\" content=\"Tiempo de lectura\" \/>\n\t<meta name=\"twitter:data1\" content=\"1 minuto\" \/>\n<script type=\"application\/ld+json\" class=\"yoast-schema-graph\">{\"@context\":\"https:\/\/schema.org\",\"@graph\":[{\"@type\":\"WebPage\",\"@id\":\"https:\/\/responsibletobacconv.com\/es\/unidades-de-aprendizaje\/how-to-deal-with-bad-customer-interactions\/\",\"url\":\"https:\/\/responsibletobacconv.com\/es\/unidades-de-aprendizaje\/how-to-deal-with-bad-customer-interactions\/\",\"name\":\"C\u00f3mo lidiar con las malas interacciones con los clientes - Tobacco Merchant Training Platform\",\"isPartOf\":{\"@id\":\"https:\/\/responsibletobacconv.com\/es\/#website\"},\"datePublished\":\"2018-09-14T00:24:43+00:00\",\"dateModified\":\"2021-12-09T20:20:12+00:00\",\"breadcrumb\":{\"@id\":\"https:\/\/responsibletobacconv.com\/es\/unidades-de-aprendizaje\/how-to-deal-with-bad-customer-interactions\/#breadcrumb\"},\"inLanguage\":\"es\",\"potentialAction\":[{\"@type\":\"ReadAction\",\"target\":[\"https:\/\/responsibletobacconv.com\/es\/unidades-de-aprendizaje\/how-to-deal-with-bad-customer-interactions\/\"]}]},{\"@type\":\"BreadcrumbList\",\"@id\":\"https:\/\/responsibletobacconv.com\/es\/unidades-de-aprendizaje\/how-to-deal-with-bad-customer-interactions\/#breadcrumb\",\"itemListElement\":[{\"@type\":\"ListItem\",\"position\":1,\"name\":\"Home\",\"item\":\"https:\/\/responsibletobacconv.com\/es\/\"},{\"@type\":\"ListItem\",\"position\":2,\"name\":\"Unidades de aprendizaje\",\"item\":\"https:\/\/responsibletobacconv.com\/es\/unidades-de-aprendizaje\/\"},{\"@type\":\"ListItem\",\"position\":3,\"name\":\"C\u00f3mo lidiar con las malas interacciones con los clientes\"}]},{\"@type\":\"WebSite\",\"@id\":\"https:\/\/responsibletobacconv.com\/es\/#website\",\"url\":\"https:\/\/responsibletobacconv.com\/es\/\",\"name\":\"Tobacco Merchant Training Platform\",\"description\":\"\",\"potentialAction\":[{\"@type\":\"SearchAction\",\"target\":{\"@type\":\"EntryPoint\",\"urlTemplate\":\"https:\/\/responsibletobacconv.com\/es\/?s={search_term_string}\"},\"query-input\":{\"@type\":\"PropertyValueSpecification\",\"valueRequired\":true,\"valueName\":\"search_term_string\"}}],\"inLanguage\":\"es\"}]}<\/script>\n<!-- \/ Yoast SEO plugin. -->","yoast_head_json":{"title":"C\u00f3mo lidiar con las malas interacciones con los clientes - Tobacco Merchant Training Platform","robots":{"index":"index","follow":"follow","max-snippet":"max-snippet:-1","max-image-preview":"max-image-preview:large","max-video-preview":"max-video-preview:-1"},"canonical":"https:\/\/responsibletobacconv.com\/es\/unidades-de-aprendizaje\/how-to-deal-with-bad-customer-interactions\/","og_locale":"es_ES","og_type":"article","og_title":"C\u00f3mo lidiar con las malas interacciones con los clientes - Tobacco Merchant Training Platform","og_description":"Algunos clientes pueden molestarse si se le niegan los productos. Las siguientes estrategias pueden ser \u00fatiles cuando se trata de clientes molestos. Siempre mant\u00e9nga la calma. Informe al cliente que es la pol\u00edtica de la tienda no vender productos de tabaco a cualquier persona menor de 21 a\u00f1os. Explique cort\u00e9smente al cliente que est\u00e1 en [&hellip;]","og_url":"https:\/\/responsibletobacconv.com\/es\/unidades-de-aprendizaje\/how-to-deal-with-bad-customer-interactions\/","og_site_name":"Tobacco Merchant Training Platform","article_modified_time":"2021-12-09T20:20:12+00:00","twitter_card":"summary_large_image","twitter_misc":{"Tiempo de lectura":"1 minuto"},"schema":{"@context":"https:\/\/schema.org","@graph":[{"@type":"WebPage","@id":"https:\/\/responsibletobacconv.com\/es\/unidades-de-aprendizaje\/how-to-deal-with-bad-customer-interactions\/","url":"https:\/\/responsibletobacconv.com\/es\/unidades-de-aprendizaje\/how-to-deal-with-bad-customer-interactions\/","name":"C\u00f3mo lidiar con las malas interacciones con los clientes - Tobacco Merchant Training Platform","isPartOf":{"@id":"https:\/\/responsibletobacconv.com\/es\/#website"},"datePublished":"2018-09-14T00:24:43+00:00","dateModified":"2021-12-09T20:20:12+00:00","breadcrumb":{"@id":"https:\/\/responsibletobacconv.com\/es\/unidades-de-aprendizaje\/how-to-deal-with-bad-customer-interactions\/#breadcrumb"},"inLanguage":"es","potentialAction":[{"@type":"ReadAction","target":["https:\/\/responsibletobacconv.com\/es\/unidades-de-aprendizaje\/how-to-deal-with-bad-customer-interactions\/"]}]},{"@type":"BreadcrumbList","@id":"https:\/\/responsibletobacconv.com\/es\/unidades-de-aprendizaje\/how-to-deal-with-bad-customer-interactions\/#breadcrumb","itemListElement":[{"@type":"ListItem","position":1,"name":"Home","item":"https:\/\/responsibletobacconv.com\/es\/"},{"@type":"ListItem","position":2,"name":"Unidades de aprendizaje","item":"https:\/\/responsibletobacconv.com\/es\/unidades-de-aprendizaje\/"},{"@type":"ListItem","position":3,"name":"C\u00f3mo lidiar con las malas interacciones con los clientes"}]},{"@type":"WebSite","@id":"https:\/\/responsibletobacconv.com\/es\/#website","url":"https:\/\/responsibletobacconv.com\/es\/","name":"Tobacco Merchant Training Platform","description":"","potentialAction":[{"@type":"SearchAction","target":{"@type":"EntryPoint","urlTemplate":"https:\/\/responsibletobacconv.com\/es\/?s={search_term_string}"},"query-input":{"@type":"PropertyValueSpecification","valueRequired":true,"valueName":"search_term_string"}}],"inLanguage":"es"}]}},"_links":{"self":[{"href":"https:\/\/responsibletobacconv.com\/es\/wp-json\/wp\/v2\/pages\/109","targetHints":{"allow":["GET"]}}],"collection":[{"href":"https:\/\/responsibletobacconv.com\/es\/wp-json\/wp\/v2\/pages"}],"about":[{"href":"https:\/\/responsibletobacconv.com\/es\/wp-json\/wp\/v2\/types\/page"}],"author":[{"embeddable":true,"href":"https:\/\/responsibletobacconv.com\/es\/wp-json\/wp\/v2\/users\/9"}],"replies":[{"embeddable":true,"href":"https:\/\/responsibletobacconv.com\/es\/wp-json\/wp\/v2\/comments?post=109"}],"version-history":[{"count":5,"href":"https:\/\/responsibletobacconv.com\/es\/wp-json\/wp\/v2\/pages\/109\/revisions"}],"predecessor-version":[{"id":279,"href":"https:\/\/responsibletobacconv.com\/es\/wp-json\/wp\/v2\/pages\/109\/revisions\/279"}],"up":[{"embeddable":true,"href":"https:\/\/responsibletobacconv.com\/es\/wp-json\/wp\/v2\/pages\/40"}],"wp:attachment":[{"href":"https:\/\/responsibletobacconv.com\/es\/wp-json\/wp\/v2\/media?parent=109"}],"curies":[{"name":"wp","href":"https:\/\/api.w.org\/{rel}","templated":true}]}}