{"id":107,"date":"2018-09-14T00:16:50","date_gmt":"2018-09-14T00:16:50","guid":{"rendered":"http:\/\/nhd.tobaccomerchant.webapp.bc.kps3dev.com\/?page_id=107"},"modified":"2021-12-09T20:11:02","modified_gmt":"2021-12-09T20:11:02","slug":"how-to-check-if-someone-is-over-18","status":"publish","type":"page","link":"https:\/\/responsibletobacconv.com\/es\/unidades-de-aprendizaje\/how-to-check-if-someone-is-over-18\/","title":{"rendered":"C\u00f3mo comprobar que alguien tiene m\u00e1s de 18 a\u00f1os"},"content":{"rendered":"<p>Se recomienda que compruebe el ID de cualquier persona que pueda ser menor de 27 a\u00f1os de edad. La siguiente informaci\u00f3n va a pasar por las formas v\u00e1lidas de identificaci\u00f3n, c\u00e1lculos de edad, y las orientaciones de identificaci\u00f3n de menores versus adultos.<\/p>\n<ul>\n<li>Formas v\u00e1lidas de ID incluyen:\n<ul>\n<li>Licencia de conducir<\/li>\n<li>Tarjeta de identificaci\u00f3n emitida por el gobierno<\/li>\n<li>Pasaporte<\/li>\n<\/ul>\n<\/li>\n<li>ID debe de ser actual y no caducada<\/li>\n<li>Foto debe ser la misma que la persona que presenta el ID<\/li>\n<li>Usar el esc\u00e1ner de ID de la tienda<\/li>\n<li>Usted debe comprobar el ID de cualquier persona que parezca que podr\u00eda ser menor de 27 a\u00f1os de edad<\/li>\n<li>No debe tener rayas o marcas inusuales alrededor de la imagen o las fechas<\/li>\n<li>Si se presenta un ID falso, no intente mantener el ID<\/li>\n<\/ul>\n<p><img loading=\"lazy\" decoding=\"async\" class=\"alignnone wp-image-236 size-full\" src=\"https:\/\/responsibletobacconv.com\/es\/wp-content\/uploads\/sites\/3\/2019\/05\/nhd-tobacco-vertical-id-Spanish_V2.png\" alt=\"\" width=\"522\" height=\"686\" srcset=\"https:\/\/responsibletobacconv.com\/es\/wp-content\/uploads\/sites\/3\/2019\/05\/nhd-tobacco-vertical-id-Spanish_V2.png 522w, https:\/\/responsibletobacconv.com\/es\/wp-content\/uploads\/sites\/3\/2019\/05\/nhd-tobacco-vertical-id-Spanish_V2-228x300.png 228w\" sizes=\"auto, (max-width: 522px) 100vw, 522px\" \/><\/p>\n<p><img loading=\"lazy\" decoding=\"async\" class=\"alignnone wp-image-238 size-full\" src=\"https:\/\/responsibletobacconv.com\/es\/wp-content\/uploads\/sites\/3\/2019\/05\/nhd-tobacco-horizontal-id-Spanish_V2.png\" alt=\"\" width=\"844\" height=\"522\" srcset=\"https:\/\/responsibletobacconv.com\/es\/wp-content\/uploads\/sites\/3\/2019\/05\/nhd-tobacco-horizontal-id-Spanish_V2.png 844w, https:\/\/responsibletobacconv.com\/es\/wp-content\/uploads\/sites\/3\/2019\/05\/nhd-tobacco-horizontal-id-Spanish_V2-300x186.png 300w, https:\/\/responsibletobacconv.com\/es\/wp-content\/uploads\/sites\/3\/2019\/05\/nhd-tobacco-horizontal-id-Spanish_V2-768x475.png 768w\" sizes=\"auto, (max-width: 844px) 100vw, 844px\" \/><\/p>\n","protected":false},"excerpt":{"rendered":"<p>Se recomienda que compruebe el ID de cualquier persona que pueda ser menor de 27 a\u00f1os de edad. La siguiente informaci\u00f3n va a pasar por las formas v\u00e1lidas de identificaci\u00f3n, c\u00e1lculos de edad, y las orientaciones de identificaci\u00f3n de menores versus adultos. Formas v\u00e1lidas de ID incluyen: Licencia de conducir Tarjeta de identificaci\u00f3n emitida por [&hellip;]<\/p>\n","protected":false},"author":9,"featured_media":0,"parent":40,"menu_order":0,"comment_status":"closed","ping_status":"closed","template":"","meta":{"_trash_the_other_posts":false,"editor_notices":[],"footnotes":""},"class_list":["post-107","page","type-page","status-publish","hentry"],"yoast_head":"<!-- This site is optimized with the Yoast SEO plugin v27.2 - https:\/\/yoast.com\/product\/yoast-seo-wordpress\/ -->\n<title>C\u00f3mo comprobar que alguien tiene m\u00e1s de 18 a\u00f1os - Tobacco Merchant Training Platform<\/title>\n<meta name=\"robots\" content=\"index, follow, max-snippet:-1, max-image-preview:large, max-video-preview:-1\" \/>\n<link rel=\"canonical\" href=\"https:\/\/responsibletobacconv.com\/es\/unidades-de-aprendizaje\/how-to-check-if-someone-is-over-18\/\" \/>\n<meta property=\"og:locale\" content=\"es_ES\" \/>\n<meta property=\"og:type\" content=\"article\" \/>\n<meta property=\"og:title\" content=\"C\u00f3mo comprobar que alguien tiene m\u00e1s de 18 a\u00f1os - Tobacco Merchant Training Platform\" \/>\n<meta property=\"og:description\" content=\"Se recomienda que compruebe el ID de cualquier persona que pueda ser menor de 27 a\u00f1os de edad. La siguiente informaci\u00f3n va a pasar por las formas v\u00e1lidas de identificaci\u00f3n, c\u00e1lculos de edad, y las orientaciones de identificaci\u00f3n de menores versus adultos. Formas v\u00e1lidas de ID incluyen: Licencia de conducir Tarjeta de identificaci\u00f3n emitida por [&hellip;]\" \/>\n<meta property=\"og:url\" content=\"https:\/\/responsibletobacconv.com\/es\/unidades-de-aprendizaje\/how-to-check-if-someone-is-over-18\/\" \/>\n<meta property=\"og:site_name\" content=\"Tobacco Merchant Training Platform\" \/>\n<meta property=\"article:modified_time\" content=\"2021-12-09T20:11:02+00:00\" \/>\n<meta property=\"og:image\" content=\"https:\/\/responsibletobacconv.com\/es\/wp-content\/uploads\/sites\/3\/2019\/05\/nhd-tobacco-vertical-id-Spanish_V2.png\" \/>\n<meta name=\"twitter:card\" content=\"summary_large_image\" \/>\n<meta name=\"twitter:label1\" content=\"Tiempo de lectura\" \/>\n\t<meta name=\"twitter:data1\" content=\"1 minuto\" \/>\n<script type=\"application\/ld+json\" class=\"yoast-schema-graph\">{\"@context\":\"https:\/\/schema.org\",\"@graph\":[{\"@type\":\"WebPage\",\"@id\":\"https:\/\/responsibletobacconv.com\/es\/unidades-de-aprendizaje\/how-to-check-if-someone-is-over-18\/\",\"url\":\"https:\/\/responsibletobacconv.com\/es\/unidades-de-aprendizaje\/how-to-check-if-someone-is-over-18\/\",\"name\":\"C\u00f3mo comprobar que alguien tiene m\u00e1s de 18 a\u00f1os - Tobacco Merchant Training Platform\",\"isPartOf\":{\"@id\":\"https:\/\/responsibletobacconv.com\/es\/#website\"},\"primaryImageOfPage\":{\"@id\":\"https:\/\/responsibletobacconv.com\/es\/unidades-de-aprendizaje\/how-to-check-if-someone-is-over-18\/#primaryimage\"},\"image\":{\"@id\":\"https:\/\/responsibletobacconv.com\/es\/unidades-de-aprendizaje\/how-to-check-if-someone-is-over-18\/#primaryimage\"},\"thumbnailUrl\":\"https:\/\/responsibletobacconv.com\/es\/wp-content\/uploads\/sites\/3\/2019\/05\/nhd-tobacco-vertical-id-Spanish_V2.png\",\"datePublished\":\"2018-09-14T00:16:50+00:00\",\"dateModified\":\"2021-12-09T20:11:02+00:00\",\"breadcrumb\":{\"@id\":\"https:\/\/responsibletobacconv.com\/es\/unidades-de-aprendizaje\/how-to-check-if-someone-is-over-18\/#breadcrumb\"},\"inLanguage\":\"es\",\"potentialAction\":[{\"@type\":\"ReadAction\",\"target\":[\"https:\/\/responsibletobacconv.com\/es\/unidades-de-aprendizaje\/how-to-check-if-someone-is-over-18\/\"]}]},{\"@type\":\"ImageObject\",\"inLanguage\":\"es\",\"@id\":\"https:\/\/responsibletobacconv.com\/es\/unidades-de-aprendizaje\/how-to-check-if-someone-is-over-18\/#primaryimage\",\"url\":\"https:\/\/responsibletobacconv.com\/es\/wp-content\/uploads\/sites\/3\/2019\/05\/nhd-tobacco-vertical-id-Spanish_V2.png\",\"contentUrl\":\"https:\/\/responsibletobacconv.com\/es\/wp-content\/uploads\/sites\/3\/2019\/05\/nhd-tobacco-vertical-id-Spanish_V2.png\",\"width\":522,\"height\":686},{\"@type\":\"BreadcrumbList\",\"@id\":\"https:\/\/responsibletobacconv.com\/es\/unidades-de-aprendizaje\/how-to-check-if-someone-is-over-18\/#breadcrumb\",\"itemListElement\":[{\"@type\":\"ListItem\",\"position\":1,\"name\":\"Home\",\"item\":\"https:\/\/responsibletobacconv.com\/es\/\"},{\"@type\":\"ListItem\",\"position\":2,\"name\":\"Unidades de aprendizaje\",\"item\":\"https:\/\/responsibletobacconv.com\/es\/unidades-de-aprendizaje\/\"},{\"@type\":\"ListItem\",\"position\":3,\"name\":\"C\u00f3mo comprobar que alguien tiene m\u00e1s de 18 a\u00f1os\"}]},{\"@type\":\"WebSite\",\"@id\":\"https:\/\/responsibletobacconv.com\/es\/#website\",\"url\":\"https:\/\/responsibletobacconv.com\/es\/\",\"name\":\"Tobacco Merchant Training Platform\",\"description\":\"\",\"potentialAction\":[{\"@type\":\"SearchAction\",\"target\":{\"@type\":\"EntryPoint\",\"urlTemplate\":\"https:\/\/responsibletobacconv.com\/es\/?s={search_term_string}\"},\"query-input\":{\"@type\":\"PropertyValueSpecification\",\"valueRequired\":true,\"valueName\":\"search_term_string\"}}],\"inLanguage\":\"es\"}]}<\/script>\n<!-- \/ Yoast SEO plugin. -->","yoast_head_json":{"title":"C\u00f3mo comprobar que alguien tiene m\u00e1s de 18 a\u00f1os - Tobacco Merchant Training Platform","robots":{"index":"index","follow":"follow","max-snippet":"max-snippet:-1","max-image-preview":"max-image-preview:large","max-video-preview":"max-video-preview:-1"},"canonical":"https:\/\/responsibletobacconv.com\/es\/unidades-de-aprendizaje\/how-to-check-if-someone-is-over-18\/","og_locale":"es_ES","og_type":"article","og_title":"C\u00f3mo comprobar que alguien tiene m\u00e1s de 18 a\u00f1os - Tobacco Merchant Training Platform","og_description":"Se recomienda que compruebe el ID de cualquier persona que pueda ser menor de 27 a\u00f1os de edad. La siguiente informaci\u00f3n va a pasar por las formas v\u00e1lidas de identificaci\u00f3n, c\u00e1lculos de edad, y las orientaciones de identificaci\u00f3n de menores versus adultos. Formas v\u00e1lidas de ID incluyen: Licencia de conducir Tarjeta de identificaci\u00f3n emitida por [&hellip;]","og_url":"https:\/\/responsibletobacconv.com\/es\/unidades-de-aprendizaje\/how-to-check-if-someone-is-over-18\/","og_site_name":"Tobacco Merchant Training Platform","article_modified_time":"2021-12-09T20:11:02+00:00","og_image":[{"url":"https:\/\/responsibletobacconv.com\/es\/wp-content\/uploads\/sites\/3\/2019\/05\/nhd-tobacco-vertical-id-Spanish_V2.png","type":"","width":"","height":""}],"twitter_card":"summary_large_image","twitter_misc":{"Tiempo de lectura":"1 minuto"},"schema":{"@context":"https:\/\/schema.org","@graph":[{"@type":"WebPage","@id":"https:\/\/responsibletobacconv.com\/es\/unidades-de-aprendizaje\/how-to-check-if-someone-is-over-18\/","url":"https:\/\/responsibletobacconv.com\/es\/unidades-de-aprendizaje\/how-to-check-if-someone-is-over-18\/","name":"C\u00f3mo comprobar que alguien tiene m\u00e1s de 18 a\u00f1os - Tobacco Merchant Training Platform","isPartOf":{"@id":"https:\/\/responsibletobacconv.com\/es\/#website"},"primaryImageOfPage":{"@id":"https:\/\/responsibletobacconv.com\/es\/unidades-de-aprendizaje\/how-to-check-if-someone-is-over-18\/#primaryimage"},"image":{"@id":"https:\/\/responsibletobacconv.com\/es\/unidades-de-aprendizaje\/how-to-check-if-someone-is-over-18\/#primaryimage"},"thumbnailUrl":"https:\/\/responsibletobacconv.com\/es\/wp-content\/uploads\/sites\/3\/2019\/05\/nhd-tobacco-vertical-id-Spanish_V2.png","datePublished":"2018-09-14T00:16:50+00:00","dateModified":"2021-12-09T20:11:02+00:00","breadcrumb":{"@id":"https:\/\/responsibletobacconv.com\/es\/unidades-de-aprendizaje\/how-to-check-if-someone-is-over-18\/#breadcrumb"},"inLanguage":"es","potentialAction":[{"@type":"ReadAction","target":["https:\/\/responsibletobacconv.com\/es\/unidades-de-aprendizaje\/how-to-check-if-someone-is-over-18\/"]}]},{"@type":"ImageObject","inLanguage":"es","@id":"https:\/\/responsibletobacconv.com\/es\/unidades-de-aprendizaje\/how-to-check-if-someone-is-over-18\/#primaryimage","url":"https:\/\/responsibletobacconv.com\/es\/wp-content\/uploads\/sites\/3\/2019\/05\/nhd-tobacco-vertical-id-Spanish_V2.png","contentUrl":"https:\/\/responsibletobacconv.com\/es\/wp-content\/uploads\/sites\/3\/2019\/05\/nhd-tobacco-vertical-id-Spanish_V2.png","width":522,"height":686},{"@type":"BreadcrumbList","@id":"https:\/\/responsibletobacconv.com\/es\/unidades-de-aprendizaje\/how-to-check-if-someone-is-over-18\/#breadcrumb","itemListElement":[{"@type":"ListItem","position":1,"name":"Home","item":"https:\/\/responsibletobacconv.com\/es\/"},{"@type":"ListItem","position":2,"name":"Unidades de aprendizaje","item":"https:\/\/responsibletobacconv.com\/es\/unidades-de-aprendizaje\/"},{"@type":"ListItem","position":3,"name":"C\u00f3mo comprobar que alguien tiene m\u00e1s de 18 a\u00f1os"}]},{"@type":"WebSite","@id":"https:\/\/responsibletobacconv.com\/es\/#website","url":"https:\/\/responsibletobacconv.com\/es\/","name":"Tobacco Merchant Training Platform","description":"","potentialAction":[{"@type":"SearchAction","target":{"@type":"EntryPoint","urlTemplate":"https:\/\/responsibletobacconv.com\/es\/?s={search_term_string}"},"query-input":{"@type":"PropertyValueSpecification","valueRequired":true,"valueName":"search_term_string"}}],"inLanguage":"es"}]}},"_links":{"self":[{"href":"https:\/\/responsibletobacconv.com\/es\/wp-json\/wp\/v2\/pages\/107","targetHints":{"allow":["GET"]}}],"collection":[{"href":"https:\/\/responsibletobacconv.com\/es\/wp-json\/wp\/v2\/pages"}],"about":[{"href":"https:\/\/responsibletobacconv.com\/es\/wp-json\/wp\/v2\/types\/page"}],"author":[{"embeddable":true,"href":"https:\/\/responsibletobacconv.com\/es\/wp-json\/wp\/v2\/users\/9"}],"replies":[{"embeddable":true,"href":"https:\/\/responsibletobacconv.com\/es\/wp-json\/wp\/v2\/comments?post=107"}],"version-history":[{"count":13,"href":"https:\/\/responsibletobacconv.com\/es\/wp-json\/wp\/v2\/pages\/107\/revisions"}],"predecessor-version":[{"id":251,"href":"https:\/\/responsibletobacconv.com\/es\/wp-json\/wp\/v2\/pages\/107\/revisions\/251"}],"up":[{"embeddable":true,"href":"https:\/\/responsibletobacconv.com\/es\/wp-json\/wp\/v2\/pages\/40"}],"wp:attachment":[{"href":"https:\/\/responsibletobacconv.com\/es\/wp-json\/wp\/v2\/media?parent=107"}],"curies":[{"name":"wp","href":"https:\/\/api.w.org\/{rel}","templated":true}]}}