{"id":105,"date":"2018-09-14T00:16:02","date_gmt":"2018-09-14T00:16:02","guid":{"rendered":"http:\/\/nhd.tobaccomerchant.webapp.bc.kps3dev.com\/?page_id=105"},"modified":"2021-07-15T01:25:03","modified_gmt":"2021-07-15T01:25:03","slug":"importance-of-selling-tobacco-the-right-way","status":"publish","type":"page","link":"https:\/\/responsibletobacconv.com\/es\/unidades-de-aprendizaje\/importance-of-selling-tobacco-the-right-way\/","title":{"rendered":"La importancia de vender tabaco de la manera correcta"},"content":{"rendered":"<p>El consumo de tabaco es un problema importante en Nevada. La mayor\u00eda de los nuevos consumidores de tabaco son j\u00f3venes y adultos j\u00f3venes, por lo que es importante vender solo productos a clientes mayores de 21 a\u00f1os. La siguiente informaci\u00f3n pone de relieve la importancia de vender tabaco a las personas apropiadas.<\/p>\n<ul>\n<li>Seg\u00fan una <a href=\"https:\/\/www.unr.edu\/Documents\/public-health\/2017_yrbs\/2017%20Nevada%20High%20School%20YRBS.pdf\">encuesta de j\u00f3venes<\/a>, m\u00e1s del 6 por ciento de los estudiantes de secundaria de Nevada fumaban cigarrillos a partir de 2017 y alrededor del 15 por ciento de los j\u00f3venes usualmente obtuvieron sus propios cigarrillos compr\u00e1ndolos en una tienda o gasolinera.<\/li>\n<li>Seg\u00fan la misma <a href=\"https:\/\/www.unr.edu\/Documents\/public-health\/2017_yrbs\/2017%20Nevada%20High%20School%20YRBS.pdf\">encuesta de la juventud<\/a>, la tasa para el uso actual del cigarrillo electr\u00f3nico (e-cigarrillo) es el 16 por ciento para los estudiantes de la escuela secundaria a partir de 2017.<\/li>\n<li>Como estado, Nevada, ocupa el lugar 38 en la naci\u00f3n por el uso del tabaco (<a href=\"https:\/\/www.tobaccofreekids.org\/es\/\">tobaccofreekids.org<\/a>) y hay alrededor de 41,000 ni\u00f1os menores de 18 a\u00f1os que morir\u00e1n prematuramente por fumar.<\/li>\n<li>En 2016 en Nevada, el 17 por ciento de los adultos fumaban cigarrillos. A nivel nacional, la tasa fue de poco m\u00e1s de 17 por ciento.<\/li>\n<li>En Nevada, los costos de atenci\u00f3n m\u00e9dica directamente relacionados con el consumo de tabaco equivalen a $1.08 mil millones por a\u00f1o.<\/li>\n<li>En Nevada, las p\u00e9rdidas en la productividad alcanzan $1.09 mil millones por a\u00f1o.<\/li>\n<\/ul>\n","protected":false},"excerpt":{"rendered":"<p>El consumo de tabaco es un problema importante en Nevada. La mayor\u00eda de los nuevos consumidores de tabaco son j\u00f3venes y adultos j\u00f3venes, por lo que es importante vender solo productos a clientes mayores de 21 a\u00f1os. La siguiente informaci\u00f3n pone de relieve la importancia de vender tabaco a las personas apropiadas. Seg\u00fan una encuesta [&hellip;]<\/p>\n","protected":false},"author":9,"featured_media":0,"parent":40,"menu_order":0,"comment_status":"closed","ping_status":"closed","template":"","meta":{"_trash_the_other_posts":false,"editor_notices":[],"footnotes":""},"class_list":["post-105","page","type-page","status-publish","hentry"],"yoast_head":"<!-- This site is optimized with the Yoast SEO plugin v27.4 - https:\/\/yoast.com\/product\/yoast-seo-wordpress\/ -->\n<title>La importancia de vender tabaco de la manera correcta - Tobacco Merchant Training Platform<\/title>\n<meta name=\"robots\" content=\"index, follow, max-snippet:-1, max-image-preview:large, max-video-preview:-1\" \/>\n<link rel=\"canonical\" href=\"https:\/\/responsibletobacconv.com\/es\/unidades-de-aprendizaje\/importance-of-selling-tobacco-the-right-way\/\" \/>\n<meta property=\"og:locale\" content=\"es_ES\" \/>\n<meta property=\"og:type\" content=\"article\" \/>\n<meta property=\"og:title\" content=\"La importancia de vender tabaco de la manera correcta - Tobacco Merchant Training Platform\" \/>\n<meta property=\"og:description\" content=\"El consumo de tabaco es un problema importante en Nevada. La mayor\u00eda de los nuevos consumidores de tabaco son j\u00f3venes y adultos j\u00f3venes, por lo que es importante vender solo productos a clientes mayores de 21 a\u00f1os. La siguiente informaci\u00f3n pone de relieve la importancia de vender tabaco a las personas apropiadas. Seg\u00fan una encuesta [&hellip;]\" \/>\n<meta property=\"og:url\" content=\"https:\/\/responsibletobacconv.com\/es\/unidades-de-aprendizaje\/importance-of-selling-tobacco-the-right-way\/\" \/>\n<meta property=\"og:site_name\" content=\"Tobacco Merchant Training Platform\" \/>\n<meta property=\"article:modified_time\" content=\"2021-07-15T01:25:03+00:00\" \/>\n<meta name=\"twitter:card\" content=\"summary_large_image\" \/>\n<meta name=\"twitter:label1\" content=\"Tiempo de lectura\" \/>\n\t<meta name=\"twitter:data1\" content=\"1 minuto\" \/>\n<script type=\"application\/ld+json\" class=\"yoast-schema-graph\">{\"@context\":\"https:\\\/\\\/schema.org\",\"@graph\":[{\"@type\":\"WebPage\",\"@id\":\"https:\\\/\\\/responsibletobacconv.com\\\/es\\\/unidades-de-aprendizaje\\\/importance-of-selling-tobacco-the-right-way\\\/\",\"url\":\"https:\\\/\\\/responsibletobacconv.com\\\/es\\\/unidades-de-aprendizaje\\\/importance-of-selling-tobacco-the-right-way\\\/\",\"name\":\"La importancia de vender tabaco de la manera correcta - Tobacco Merchant Training Platform\",\"isPartOf\":{\"@id\":\"https:\\\/\\\/responsibletobacconv.com\\\/es\\\/#website\"},\"datePublished\":\"2018-09-14T00:16:02+00:00\",\"dateModified\":\"2021-07-15T01:25:03+00:00\",\"breadcrumb\":{\"@id\":\"https:\\\/\\\/responsibletobacconv.com\\\/es\\\/unidades-de-aprendizaje\\\/importance-of-selling-tobacco-the-right-way\\\/#breadcrumb\"},\"inLanguage\":\"es\",\"potentialAction\":[{\"@type\":\"ReadAction\",\"target\":[\"https:\\\/\\\/responsibletobacconv.com\\\/es\\\/unidades-de-aprendizaje\\\/importance-of-selling-tobacco-the-right-way\\\/\"]}]},{\"@type\":\"BreadcrumbList\",\"@id\":\"https:\\\/\\\/responsibletobacconv.com\\\/es\\\/unidades-de-aprendizaje\\\/importance-of-selling-tobacco-the-right-way\\\/#breadcrumb\",\"itemListElement\":[{\"@type\":\"ListItem\",\"position\":1,\"name\":\"Home\",\"item\":\"https:\\\/\\\/responsibletobacconv.com\\\/es\\\/\"},{\"@type\":\"ListItem\",\"position\":2,\"name\":\"Unidades de aprendizaje\",\"item\":\"https:\\\/\\\/responsibletobacconv.com\\\/es\\\/unidades-de-aprendizaje\\\/\"},{\"@type\":\"ListItem\",\"position\":3,\"name\":\"La importancia de vender tabaco de la manera correcta\"}]},{\"@type\":\"WebSite\",\"@id\":\"https:\\\/\\\/responsibletobacconv.com\\\/es\\\/#website\",\"url\":\"https:\\\/\\\/responsibletobacconv.com\\\/es\\\/\",\"name\":\"Tobacco Merchant Training Platform\",\"description\":\"\",\"potentialAction\":[{\"@type\":\"SearchAction\",\"target\":{\"@type\":\"EntryPoint\",\"urlTemplate\":\"https:\\\/\\\/responsibletobacconv.com\\\/es\\\/?s={search_term_string}\"},\"query-input\":{\"@type\":\"PropertyValueSpecification\",\"valueRequired\":true,\"valueName\":\"search_term_string\"}}],\"inLanguage\":\"es\"}]}<\/script>\n<!-- \/ Yoast SEO plugin. -->","yoast_head_json":{"title":"La importancia de vender tabaco de la manera correcta - Tobacco Merchant Training Platform","robots":{"index":"index","follow":"follow","max-snippet":"max-snippet:-1","max-image-preview":"max-image-preview:large","max-video-preview":"max-video-preview:-1"},"canonical":"https:\/\/responsibletobacconv.com\/es\/unidades-de-aprendizaje\/importance-of-selling-tobacco-the-right-way\/","og_locale":"es_ES","og_type":"article","og_title":"La importancia de vender tabaco de la manera correcta - Tobacco Merchant Training Platform","og_description":"El consumo de tabaco es un problema importante en Nevada. La mayor\u00eda de los nuevos consumidores de tabaco son j\u00f3venes y adultos j\u00f3venes, por lo que es importante vender solo productos a clientes mayores de 21 a\u00f1os. La siguiente informaci\u00f3n pone de relieve la importancia de vender tabaco a las personas apropiadas. Seg\u00fan una encuesta [&hellip;]","og_url":"https:\/\/responsibletobacconv.com\/es\/unidades-de-aprendizaje\/importance-of-selling-tobacco-the-right-way\/","og_site_name":"Tobacco Merchant Training Platform","article_modified_time":"2021-07-15T01:25:03+00:00","twitter_card":"summary_large_image","twitter_misc":{"Tiempo de lectura":"1 minuto"},"schema":{"@context":"https:\/\/schema.org","@graph":[{"@type":"WebPage","@id":"https:\/\/responsibletobacconv.com\/es\/unidades-de-aprendizaje\/importance-of-selling-tobacco-the-right-way\/","url":"https:\/\/responsibletobacconv.com\/es\/unidades-de-aprendizaje\/importance-of-selling-tobacco-the-right-way\/","name":"La importancia de vender tabaco de la manera correcta - Tobacco Merchant Training Platform","isPartOf":{"@id":"https:\/\/responsibletobacconv.com\/es\/#website"},"datePublished":"2018-09-14T00:16:02+00:00","dateModified":"2021-07-15T01:25:03+00:00","breadcrumb":{"@id":"https:\/\/responsibletobacconv.com\/es\/unidades-de-aprendizaje\/importance-of-selling-tobacco-the-right-way\/#breadcrumb"},"inLanguage":"es","potentialAction":[{"@type":"ReadAction","target":["https:\/\/responsibletobacconv.com\/es\/unidades-de-aprendizaje\/importance-of-selling-tobacco-the-right-way\/"]}]},{"@type":"BreadcrumbList","@id":"https:\/\/responsibletobacconv.com\/es\/unidades-de-aprendizaje\/importance-of-selling-tobacco-the-right-way\/#breadcrumb","itemListElement":[{"@type":"ListItem","position":1,"name":"Home","item":"https:\/\/responsibletobacconv.com\/es\/"},{"@type":"ListItem","position":2,"name":"Unidades de aprendizaje","item":"https:\/\/responsibletobacconv.com\/es\/unidades-de-aprendizaje\/"},{"@type":"ListItem","position":3,"name":"La importancia de vender tabaco de la manera correcta"}]},{"@type":"WebSite","@id":"https:\/\/responsibletobacconv.com\/es\/#website","url":"https:\/\/responsibletobacconv.com\/es\/","name":"Tobacco Merchant Training Platform","description":"","potentialAction":[{"@type":"SearchAction","target":{"@type":"EntryPoint","urlTemplate":"https:\/\/responsibletobacconv.com\/es\/?s={search_term_string}"},"query-input":{"@type":"PropertyValueSpecification","valueRequired":true,"valueName":"search_term_string"}}],"inLanguage":"es"}]}},"_links":{"self":[{"href":"https:\/\/responsibletobacconv.com\/es\/wp-json\/wp\/v2\/pages\/105","targetHints":{"allow":["GET"]}}],"collection":[{"href":"https:\/\/responsibletobacconv.com\/es\/wp-json\/wp\/v2\/pages"}],"about":[{"href":"https:\/\/responsibletobacconv.com\/es\/wp-json\/wp\/v2\/types\/page"}],"author":[{"embeddable":true,"href":"https:\/\/responsibletobacconv.com\/es\/wp-json\/wp\/v2\/users\/9"}],"replies":[{"embeddable":true,"href":"https:\/\/responsibletobacconv.com\/es\/wp-json\/wp\/v2\/comments?post=105"}],"version-history":[{"count":15,"href":"https:\/\/responsibletobacconv.com\/es\/wp-json\/wp\/v2\/pages\/105\/revisions"}],"predecessor-version":[{"id":281,"href":"https:\/\/responsibletobacconv.com\/es\/wp-json\/wp\/v2\/pages\/105\/revisions\/281"}],"up":[{"embeddable":true,"href":"https:\/\/responsibletobacconv.com\/es\/wp-json\/wp\/v2\/pages\/40"}],"wp:attachment":[{"href":"https:\/\/responsibletobacconv.com\/es\/wp-json\/wp\/v2\/media?parent=105"}],"curies":[{"name":"wp","href":"https:\/\/api.w.org\/{rel}","templated":true}]}}