{"id":102,"date":"2018-09-14T00:14:35","date_gmt":"2018-09-14T00:14:35","guid":{"rendered":"http:\/\/nhd.tobaccomerchant.webapp.bc.kps3dev.com\/?page_id=102"},"modified":"2021-12-09T20:11:57","modified_gmt":"2021-12-09T20:11:57","slug":"fines-and-penalties","status":"publish","type":"page","link":"https:\/\/responsibletobacconv.com\/es\/unidades-de-aprendizaje\/fines-and-penalties\/","title":{"rendered":"Multas y sanciones"},"content":{"rendered":"<p>Se pueden dar multas y sanciones a cualquier empleado minorista que sea sorprendido vendiendo productos de tabaco a menores. La Administraci\u00f3n de Drogas y Alimentos (FDA) comprobar\u00e1 con las empresas para asegurarse de que el tabaco no se venda a menores y se sigan las leyes federales sobre el tabaco. Si la FDA encuentra que un negocio est\u00e1 vendiendo tabaco a un menor, el negocio ser\u00e1 castigado.<\/p>\n<p>El estado de Nevada tambi\u00e9n lleva a cabo inspecciones para asegurarse de que el tabaco no se venda a menores de edad. Si el estado encuentra a un empleado vendiendo tabaco a un menor de edad, se puede escribir una citaci\u00f3n por la violaci\u00f3n del estatuto revisado de Nevada 202,2493, que declara que es ilegal que cualquier persona venda, distribuya u ofrezca vender tabaco en cualquier forma o papeles de cigarrillos a un ni\u00f1o menor de 18 a\u00f1os de edad. El estado tambi\u00e9n proh\u00edbe la venta de vapores y productos alternativos de nicotina a menores de edad. Los infractores ser\u00e1n castigados con una multa de no m\u00e1s de $500 y una sanci\u00f3n civil de no m\u00e1s de $500. La cantidad total que un empleado puede ser multado es $1,000.<\/p>\n","protected":false},"excerpt":{"rendered":"<p>Se pueden dar multas y sanciones a cualquier empleado minorista que sea sorprendido vendiendo productos de tabaco a menores. La Administraci\u00f3n de Drogas y Alimentos (FDA) comprobar\u00e1 con las empresas para asegurarse de que el tabaco no se venda a menores y se sigan las leyes federales sobre el tabaco. Si la FDA encuentra que [&hellip;]<\/p>\n","protected":false},"author":9,"featured_media":0,"parent":40,"menu_order":0,"comment_status":"closed","ping_status":"closed","template":"","meta":{"_trash_the_other_posts":false,"editor_notices":[],"footnotes":""},"class_list":["post-102","page","type-page","status-publish","hentry"],"yoast_head":"<!-- This site is optimized with the Yoast SEO plugin v27.2 - https:\/\/yoast.com\/product\/yoast-seo-wordpress\/ -->\n<title>Multas y sanciones - Tobacco Merchant Training Platform<\/title>\n<meta name=\"robots\" content=\"index, follow, max-snippet:-1, max-image-preview:large, max-video-preview:-1\" \/>\n<link rel=\"canonical\" href=\"https:\/\/responsibletobacconv.com\/es\/unidades-de-aprendizaje\/fines-and-penalties\/\" \/>\n<meta property=\"og:locale\" content=\"es_ES\" \/>\n<meta property=\"og:type\" content=\"article\" \/>\n<meta property=\"og:title\" content=\"Multas y sanciones - Tobacco Merchant Training Platform\" \/>\n<meta property=\"og:description\" content=\"Se pueden dar multas y sanciones a cualquier empleado minorista que sea sorprendido vendiendo productos de tabaco a menores. La Administraci\u00f3n de Drogas y Alimentos (FDA) comprobar\u00e1 con las empresas para asegurarse de que el tabaco no se venda a menores y se sigan las leyes federales sobre el tabaco. Si la FDA encuentra que [&hellip;]\" \/>\n<meta property=\"og:url\" content=\"https:\/\/responsibletobacconv.com\/es\/unidades-de-aprendizaje\/fines-and-penalties\/\" \/>\n<meta property=\"og:site_name\" content=\"Tobacco Merchant Training Platform\" \/>\n<meta property=\"article:modified_time\" content=\"2021-12-09T20:11:57+00:00\" \/>\n<meta name=\"twitter:card\" content=\"summary_large_image\" \/>\n<meta name=\"twitter:label1\" content=\"Tiempo de lectura\" \/>\n\t<meta name=\"twitter:data1\" content=\"1 minuto\" \/>\n<script type=\"application\/ld+json\" class=\"yoast-schema-graph\">{\"@context\":\"https:\/\/schema.org\",\"@graph\":[{\"@type\":\"WebPage\",\"@id\":\"https:\/\/responsibletobacconv.com\/es\/unidades-de-aprendizaje\/fines-and-penalties\/\",\"url\":\"https:\/\/responsibletobacconv.com\/es\/unidades-de-aprendizaje\/fines-and-penalties\/\",\"name\":\"Multas y sanciones - Tobacco Merchant Training Platform\",\"isPartOf\":{\"@id\":\"https:\/\/responsibletobacconv.com\/es\/#website\"},\"datePublished\":\"2018-09-14T00:14:35+00:00\",\"dateModified\":\"2021-12-09T20:11:57+00:00\",\"breadcrumb\":{\"@id\":\"https:\/\/responsibletobacconv.com\/es\/unidades-de-aprendizaje\/fines-and-penalties\/#breadcrumb\"},\"inLanguage\":\"es\",\"potentialAction\":[{\"@type\":\"ReadAction\",\"target\":[\"https:\/\/responsibletobacconv.com\/es\/unidades-de-aprendizaje\/fines-and-penalties\/\"]}]},{\"@type\":\"BreadcrumbList\",\"@id\":\"https:\/\/responsibletobacconv.com\/es\/unidades-de-aprendizaje\/fines-and-penalties\/#breadcrumb\",\"itemListElement\":[{\"@type\":\"ListItem\",\"position\":1,\"name\":\"Home\",\"item\":\"https:\/\/responsibletobacconv.com\/es\/\"},{\"@type\":\"ListItem\",\"position\":2,\"name\":\"Unidades de aprendizaje\",\"item\":\"https:\/\/responsibletobacconv.com\/es\/unidades-de-aprendizaje\/\"},{\"@type\":\"ListItem\",\"position\":3,\"name\":\"Multas y sanciones\"}]},{\"@type\":\"WebSite\",\"@id\":\"https:\/\/responsibletobacconv.com\/es\/#website\",\"url\":\"https:\/\/responsibletobacconv.com\/es\/\",\"name\":\"Tobacco Merchant Training Platform\",\"description\":\"\",\"potentialAction\":[{\"@type\":\"SearchAction\",\"target\":{\"@type\":\"EntryPoint\",\"urlTemplate\":\"https:\/\/responsibletobacconv.com\/es\/?s={search_term_string}\"},\"query-input\":{\"@type\":\"PropertyValueSpecification\",\"valueRequired\":true,\"valueName\":\"search_term_string\"}}],\"inLanguage\":\"es\"}]}<\/script>\n<!-- \/ Yoast SEO plugin. -->","yoast_head_json":{"title":"Multas y sanciones - Tobacco Merchant Training Platform","robots":{"index":"index","follow":"follow","max-snippet":"max-snippet:-1","max-image-preview":"max-image-preview:large","max-video-preview":"max-video-preview:-1"},"canonical":"https:\/\/responsibletobacconv.com\/es\/unidades-de-aprendizaje\/fines-and-penalties\/","og_locale":"es_ES","og_type":"article","og_title":"Multas y sanciones - Tobacco Merchant Training Platform","og_description":"Se pueden dar multas y sanciones a cualquier empleado minorista que sea sorprendido vendiendo productos de tabaco a menores. La Administraci\u00f3n de Drogas y Alimentos (FDA) comprobar\u00e1 con las empresas para asegurarse de que el tabaco no se venda a menores y se sigan las leyes federales sobre el tabaco. Si la FDA encuentra que [&hellip;]","og_url":"https:\/\/responsibletobacconv.com\/es\/unidades-de-aprendizaje\/fines-and-penalties\/","og_site_name":"Tobacco Merchant Training Platform","article_modified_time":"2021-12-09T20:11:57+00:00","twitter_card":"summary_large_image","twitter_misc":{"Tiempo de lectura":"1 minuto"},"schema":{"@context":"https:\/\/schema.org","@graph":[{"@type":"WebPage","@id":"https:\/\/responsibletobacconv.com\/es\/unidades-de-aprendizaje\/fines-and-penalties\/","url":"https:\/\/responsibletobacconv.com\/es\/unidades-de-aprendizaje\/fines-and-penalties\/","name":"Multas y sanciones - Tobacco Merchant Training Platform","isPartOf":{"@id":"https:\/\/responsibletobacconv.com\/es\/#website"},"datePublished":"2018-09-14T00:14:35+00:00","dateModified":"2021-12-09T20:11:57+00:00","breadcrumb":{"@id":"https:\/\/responsibletobacconv.com\/es\/unidades-de-aprendizaje\/fines-and-penalties\/#breadcrumb"},"inLanguage":"es","potentialAction":[{"@type":"ReadAction","target":["https:\/\/responsibletobacconv.com\/es\/unidades-de-aprendizaje\/fines-and-penalties\/"]}]},{"@type":"BreadcrumbList","@id":"https:\/\/responsibletobacconv.com\/es\/unidades-de-aprendizaje\/fines-and-penalties\/#breadcrumb","itemListElement":[{"@type":"ListItem","position":1,"name":"Home","item":"https:\/\/responsibletobacconv.com\/es\/"},{"@type":"ListItem","position":2,"name":"Unidades de aprendizaje","item":"https:\/\/responsibletobacconv.com\/es\/unidades-de-aprendizaje\/"},{"@type":"ListItem","position":3,"name":"Multas y sanciones"}]},{"@type":"WebSite","@id":"https:\/\/responsibletobacconv.com\/es\/#website","url":"https:\/\/responsibletobacconv.com\/es\/","name":"Tobacco Merchant Training Platform","description":"","potentialAction":[{"@type":"SearchAction","target":{"@type":"EntryPoint","urlTemplate":"https:\/\/responsibletobacconv.com\/es\/?s={search_term_string}"},"query-input":{"@type":"PropertyValueSpecification","valueRequired":true,"valueName":"search_term_string"}}],"inLanguage":"es"}]}},"_links":{"self":[{"href":"https:\/\/responsibletobacconv.com\/es\/wp-json\/wp\/v2\/pages\/102","targetHints":{"allow":["GET"]}}],"collection":[{"href":"https:\/\/responsibletobacconv.com\/es\/wp-json\/wp\/v2\/pages"}],"about":[{"href":"https:\/\/responsibletobacconv.com\/es\/wp-json\/wp\/v2\/types\/page"}],"author":[{"embeddable":true,"href":"https:\/\/responsibletobacconv.com\/es\/wp-json\/wp\/v2\/users\/9"}],"replies":[{"embeddable":true,"href":"https:\/\/responsibletobacconv.com\/es\/wp-json\/wp\/v2\/comments?post=102"}],"version-history":[{"count":7,"href":"https:\/\/responsibletobacconv.com\/es\/wp-json\/wp\/v2\/pages\/102\/revisions"}],"predecessor-version":[{"id":252,"href":"https:\/\/responsibletobacconv.com\/es\/wp-json\/wp\/v2\/pages\/102\/revisions\/252"}],"up":[{"embeddable":true,"href":"https:\/\/responsibletobacconv.com\/es\/wp-json\/wp\/v2\/pages\/40"}],"wp:attachment":[{"href":"https:\/\/responsibletobacconv.com\/es\/wp-json\/wp\/v2\/media?parent=102"}],"curies":[{"name":"wp","href":"https:\/\/api.w.org\/{rel}","templated":true}]}}